{"id":7876,"date":"2025-02-12T09:48:01","date_gmt":"2025-02-12T09:48:01","guid":{"rendered":"https:\/\/hublift.nl\/parksystem\/parksystem-auto-sp\/"},"modified":"2025-02-12T09:48:02","modified_gmt":"2025-02-12T09:48:02","slug":"parksystem-auto-sp","status":"publish","type":"page","link":"https:\/\/hublift.nl\/de\/parksystem\/parksystem-auto-sp\/","title":{"rendered":"Parksystem Auto-SP"},"content":{"rendered":"<p>[et_pb_section fb_built=&#8220;1&#8243; custom_padding_last_edited=&#8220;on|phone&#8220; next_background_color=&#8220;#FFFFFF&#8220; admin_label=&#8220;Hero Section&#8220; _builder_version=&#8220;4.16&#8243; background_color=&#8220;#8ce3ce&#8220; use_background_color_gradient=&#8220;on&#8220; background_color_gradient_type=&#8220;circular&#8220; background_color_gradient_direction_radial=&#8220;bottom left&#8220; background_color_gradient_stops=&#8220;#8ce3ce 20%|rgba(0,0,0,0) 100%&#8220; background_color_gradient_overlays_image=&#8220;on&#8220; background_color_gradient_start=&#8220;#8ce3ce&#8220; background_color_gradient_start_position=&#8220;20%&#8220; background_color_gradient_end=&#8220;rgba(0,0,0,0)&#8220; background_enable_image=&#8220;off&#8220; background_position=&#8220;center_left&#8220; custom_padding=&#8220;100px|0px|160px|0px|false|false&#8220; custom_padding_tablet=&#8220;200px||200px|&#8220; custom_padding_phone=&#8220;140px||140px|&#8220; bottom_divider_style=&#8220;asymmetric2&#8243; bottom_divider_flip=&#8220;horizontal&#8220; locked=&#8220;off&#8220; collapsed=&#8220;on&#8220; global_colors_info=&#8220;{}&#8220;][et_pb_row custom_padding_last_edited=&#8220;on|phone&#8220; _builder_version=&#8220;4.16&#8243; background_color=&#8220;rgba(0,0,0,0.3)&#8220; max_width=&#8220;100%&#8220; custom_padding=&#8220;20px|20px|20px|20px|true|true&#8220; custom_padding_tablet=&#8220;&#8220; custom_padding_phone=&#8220;|10px||10px|true|true&#8220; animation_direction=&#8220;bottom&#8220; border_radii=&#8220;on|20px|20px|20px|20px&#8220; collapsed=&#8220;on&#8220; global_colors_info=&#8220;{}&#8220; custom_padding__hover_enabled=&#8220;off|desktop&#8220;][et_pb_column type=&#8220;4_4&#8243; _builder_version=&#8220;4.16&#8243; custom_padding=&#8220;|||&#8220; global_colors_info=&#8220;{}&#8220; custom_padding__hover=&#8220;|||&#8220;][et_pb_video src=&#8220;https:\/\/www.stopa.com\/stolzer\/systeme\/sp\/stolzer_sp_en.mp4&#8243; _builder_version=&#8220;4.8.2&#8243; _module_preset=&#8220;default&#8220; global_colors_info=&#8220;{}&#8220;][\/et_pb_video][\/et_pb_column][\/et_pb_row][\/et_pb_section][et_pb_section fb_built=&#8220;1&#8243; admin_label=&#8220;Our Services&#8220; _builder_version=&#8220;4.16&#8243; background_color=&#8220;#FFFFFF&#8220; background_enable_image=&#8220;off&#8220; custom_margin=&#8220;-12px|0px|0px|0px|false|false&#8220; custom_padding=&#8220;0px|0px|0px|0px|false|false&#8220; top_divider_color=&#8220;#e4f2ff&#8220; saved_tabs=&#8220;all&#8220; locked=&#8220;off&#8220; collapsed=&#8220;on&#8220; global_colors_info=&#8220;{}&#8220;][et_pb_row column_structure=&#8220;1_2,1_2&#8243; make_equal=&#8220;on&#8220; admin_label=&#8220;Inhalt&#8220; _builder_version=&#8220;4.16&#8243; max_width=&#8220;100%&#8220; module_alignment=&#8220;center&#8220; use_custom_width=&#8220;on&#8220; width_unit=&#8220;off&#8220; custom_width_percent=&#8220;100%&#8220; collapsed=&#8220;on&#8220; global_colors_info=&#8220;{}&#8220;][et_pb_column type=&#8220;1_2&#8243; _builder_version=&#8220;4.16&#8243; custom_padding=&#8220;|0px|60px|0px|false|false&#8220; custom_padding_tablet=&#8220;|10%||10%&#8220; custom_padding_phone=&#8220;&#8220; custom_padding_last_edited=&#8220;on|tablet&#8220; global_colors_info=&#8220;{}&#8220; padding_tablet=&#8220;|10%||10%&#8220; padding_last_edited=&#8220;on|tablet&#8220; custom_padding__hover=&#8220;|||&#8220; padding_phone=&#8220;|10%||10%&#8220;][et_pb_text admin_label=&#8220;Title&#8220; _builder_version=&#8220;4.16&#8243; text_text_color=&#8220;#000000&#8243; link_font=&#8220;|700|||on||||&#8220; header_font=&#8220;Montserrat|800|||||||&#8220; header_2_font=&#8220;Montserrat|800|||||||&#8220; header_2_font_size=&#8220;32px&#8220; header_2_line_height=&#8220;1.4em&#8220; max_width=&#8220;1283px&#8220; module_alignment=&#8220;left&#8220; custom_padding=&#8220;||3px|||&#8220; global_colors_info=&#8220;{}&#8220;]<\/p>\n<h1>Shuttle-Parksystem<\/h1>\n<p><strong>Das vollautomatische Parksystem SP wurde entwickelt, um eine gro\u00dfe Anzahl von Autos so schnell wie m\u00f6glich auf kleinstem Raum unterzubringen. Dieses variable und exklusive Parksystem kann sogar in bestehende Geb\u00e4ude integriert werden. Um den Platz effizient zu nutzen, werden die Fahrzeuge in einem Block nebeneinander und vertikal auf speziellen Fahrzeugpaletten platziert.  <\/strong><\/p>\n<p>Die Parkpl\u00e4tze sind gegen unbefugten Zutritt gesichert. Ein Shuttle bringt die Autos automatisch vom Transferbereich zu den Parkpl\u00e4tzen. Rechts und links der Shuttle-Spur k\u00f6nnen maximal zwei Fahrzeuge hintereinander geparkt werden und eine fast unbegrenzte Anzahl nebeneinander. Die Anzahl der Shuttles pro Etage kann erh\u00f6ht werden, um den Durchsatz der nebeneinander geparkten Fahrzeuge zu optimieren.   <\/p>\n<p>Der Platz wird am besten genutzt, wenn mehrere Fahrzeuge vertikal gestapelt sind. Die Fahrzeuge werden \u00fcber ein separates Hebesystem direkt \u00fcber oder unter dem Transferbereich von einer Ebene zur anderen bewegt. Jede Parkebene verf\u00fcgt \u00fcber einen separaten Shuttle, der einen schnellen Zugang zur Abholung des Fahrzeugs erm\u00f6glicht.  <\/p>\n<p>Kombinationen aus vertikalen und horizontalen Transportsystemen sorgen f\u00fcr einen hohen Umschlag, der f\u00fcr \u00f6ffentlich genutzte Parkh\u00e4user unerl\u00e4sslich ist. Getrennte L\u00e4ngs- und Hubbewegungen im SP-Parksystem erm\u00f6glichen es, mehrere Vorg\u00e4nge gleichzeitig auszuf\u00fchren. Ein intelligentes Steuerungssystem sortiert die Autos, wenn sie gebraucht werden. Zusammen mit dem Schnellwechselsystem f\u00fcr Fahrzeugpaletten f\u00fchrt dies zu hocheffizienten Parkl\u00f6sungen. Die Wartezeiten werden auf ein Minimum reduziert.    <\/p>\n<p>Die optionale Integration einer Drehb\u00fchne in die \u00dcbergabekammer schafft Platz bei der Gestaltung des Systemeingangs. Die Drehscheibe holt und gibt geparkte Autos immer in Fahrtrichtung ab. Zeitaufw\u00e4ndiges Man\u00f6vrieren ist nicht erforderlich.  <\/p>\n<p>Modernste Laser- und Infrarotsensoren sorgen f\u00fcr maximale Sicherheit f\u00fcr Mensch und Fahrzeug. Dar\u00fcber hinaus f\u00fchren verschiedene optische Hilfsmittel die Fahrzeuge pr\u00e4zise zu ihren Positionen und bringen sie unbesch\u00e4digt zu den Benutzern zur\u00fcck. <\/p>\n<p>[\/et_pb_text][et_pb_button button_url=&#8220;@ET-DC@eyJkeW5hbWljIjp0cnVlLCJjb250ZW50IjoicG9zdF9saW5rX3VybF9wYWdlIiwic2V0dGluZ3MiOnsicG9zdF9pZCI6IjQ2In19@&#8220; button_text=&#8220;Neugierig auf die Kosten? Kontaktieren Sie uns &#8220; button_alignment=&#8220;left&#8220; admin_label=&#8220;Button&#8220; _builder_version=&#8220;4.16&#8243; _dynamic_attributes=&#8220;button_url&#8220; custom_button=&#8220;on&#8220; button_text_size=&#8220;16px&#8220; button_text_color=&#8220;#393C36&#8243; button_bg_color=&#8220;#8ce3ce&#8220; button_border_width=&#8220;0px&#8220; button_border_radius=&#8220;5px&#8220; button_letter_spacing=&#8220;2px&#8220; button_font=&#8220;Ubuntu||||||||&#8220; button_icon=&#8220;=||divi||400&#8243; button_icon_color=&#8220;#000000&#8243; button_on_hover=&#8220;off&#8220; background_layout=&#8220;dark&#8220; custom_margin=&#8220;40px||0px||false|false&#8220; custom_padding=&#8220;14px|36px|14px|28px|false|false&#8220; button_text_color_hover=&#8220;#ffffff&#8220; button_letter_spacing_hover=&#8220;2px&#8220; button_bg_color_hover=&#8220;#1fb6e9&#8243; saved_tabs=&#8220;all&#8220; locked=&#8220;off&#8220; global_colors_info=&#8220;{}&#8220; button_text_size__hover_enabled=&#8220;off&#8220; button_one_text_size__hover_enabled=&#8220;off&#8220; button_two_text_size__hover_enabled=&#8220;off&#8220; button_text_color__hover_enabled=&#8220;on&#8220; button_text_color__hover=&#8220;#ffffff&#8220; button_one_text_color__hover_enabled=&#8220;off&#8220; button_two_text_color__hover_enabled=&#8220;off&#8220; button_border_width__hover_enabled=&#8220;off&#8220; button_one_border_width__hover_enabled=&#8220;off&#8220; button_two_border_width__hover_enabled=&#8220;off&#8220; button_border_color__hover_enabled=&#8220;off&#8220; button_one_border_color__hover_enabled=&#8220;off&#8220; button_two_border_color__hover_enabled=&#8220;off&#8220; button_border_radius__hover_enabled=&#8220;off&#8220; button_one_border_radius__hover_enabled=&#8220;off&#8220; button_two_border_radius__hover_enabled=&#8220;off&#8220; button_letter_spacing__hover_enabled=&#8220;on&#8220; button_letter_spacing__hover=&#8220;2px&#8220; button_one_letter_spacing__hover_enabled=&#8220;off&#8220; button_two_letter_spacing__hover_enabled=&#8220;off&#8220; button_bg_color__hover_enabled=&#8220;on&#8220; button_bg_color__hover=&#8220;#1fb6e9&#8243; button_one_bg_color__hover_enabled=&#8220;off&#8220; button_two_bg_color__hover_enabled=&#8220;off&#8220;][\/et_pb_button][\/et_pb_column][et_pb_column type=&#8220;1_2&#8243; _builder_version=&#8220;4.16&#8243; custom_padding=&#8220;0px|0px|0px|0px|false|false&#8220; global_colors_info=&#8220;{}&#8220; custom_padding__hover=&#8220;|||&#8220;][et_pb_image src=&#8220;https:\/\/hublift.nl\/wp-content\/uploads\/2021\/09\/Parkeersysteem-SP.jpg&#8220; alt=&#8220;Parksystem SP&#8220; title_text=&#8220;Parksystem SP&#8220; align=&#8220;center&#8220; _builder_version=&#8220;4.16&#8243; background_enable_image=&#8220;off&#8220; width=&#8220;100%&#8220; max_width=&#8220;100%&#8220; module_alignment=&#8220;center&#8220; custom_margin=&#8220;0px||||false|false&#8220; custom_padding=&#8220;0px|0px|0px|0px|false|false&#8220; custom_padding_tablet=&#8220;|||10%&#8220; custom_padding_phone=&#8220;&#8220; custom_padding_last_edited=&#8220;on|tablet&#8220; animation_direction=&#8220;right&#8220; border_radii=&#8220;on|8px|8px|8px|8px&#8220; global_colors_info=&#8220;{}&#8220;][\/et_pb_image][\/et_pb_column][\/et_pb_row][\/et_pb_section][et_pb_section fb_built=&#8220;1&#8243; prev_background_color=&#8220;#FFFFFF&#8220; admin_label=&#8220;Recent Projects&#8220; _builder_version=&#8220;4.16&#8243; background_color=&#8220;#8ce3ce&#8220; background_enable_image=&#8220;off&#8220; custom_padding=&#8220;100px|0px|40px|0px|false|false&#8220; top_divider_style=&#8220;asymmetric2&#8243; top_divider_flip=&#8220;horizontal|vertical&#8220; saved_tabs=&#8220;all&#8220; locked=&#8220;off&#8220; collapsed=&#8220;on&#8220; global_colors_info=&#8220;{}&#8220;][et_pb_row column_structure=&#8220;1_2,1_2&#8243; _builder_version=&#8220;4.16&#8243; _module_preset=&#8220;default&#8220; width=&#8220;100%&#8220; max_width=&#8220;80%&#8220; collapsed=&#8220;on&#8220; global_colors_info=&#8220;{}&#8220;][et_pb_column type=&#8220;1_2&#8243; _builder_version=&#8220;4.16&#8243; _module_preset=&#8220;default&#8220; global_colors_info=&#8220;{}&#8220;][et_pb_text _builder_version=&#8220;4.16&#8243; _module_preset=&#8220;default&#8220; text_text_color=&#8220;#000000&#8243; header_text_color=&#8220;#000000&#8243; global_colors_info=&#8220;{}&#8220;]<\/p>\n<h2>Merkmale des Parksystems<\/h2>\n<p>&nbsp;<\/p>\n<div class=\"et_pb_blurb_container\">\n<div class=\"et_pb_blurb_description\">\n<ul>\n<li>Kombinierte Hebe- und Shuttle-Technologie<\/li>\n<li>Fahrzeug wird auf Palettenplattform transportiert<\/li>\n<li>F\u00fcr alle Arten von Personenkraftwagen<\/li>\n<li>Automatische Entladung f\u00fcr Palettenplattform (Schnee, Regen, &#8230;)<\/li>\n<li>Flexible Drehtischkonfiguration m\u00f6glich<\/li>\n<li>Verzinkte Systemkomponenten f\u00fcr Korrosionsschutz<\/li>\n<li>Mehrere Transferr\u00e4ume<\/li>\n<li>Unterirdische, oberirdische oder gemischte Bauweise m\u00f6glich<\/li>\n<\/ul>\n<\/div>\n<\/div>\n<ul><\/ul>\n<p>[\/et_pb_text][\/et_pb_column][et_pb_column type=&#8220;1_2&#8243; _builder_version=&#8220;4.16&#8243; _module_preset=&#8220;default&#8220; global_colors_info=&#8220;{}&#8220;][et_pb_text _builder_version=&#8220;4.16&#8243; _module_preset=&#8220;default&#8220; text_text_color=&#8220;#000000&#8243; header_text_color=&#8220;#000000&#8243; global_colors_info=&#8220;{}&#8220;]<\/p>\n<h2>Die Vorteile<\/h2>\n<p>&nbsp;<\/p>\n<ul>\n<li>Mehrere hundert Parkpl\u00e4tze pro System sind m\u00f6glich<\/li>\n<li>Einfache Nutzung durch die \u00d6ffentlichkeit, auch zu Sto\u00dfzeiten und bei starkem Verkehr<\/li>\n<li>Autonomes Hochleistungs-Shuttle<\/li>\n<li>Eine drehbare Plattform parkt und holt die Autos in Fahrtrichtung zur\u00fcck<\/li>\n<li>Intelligente Verteilung der Fahrzeuge innerhalb des Systems f\u00fcr schnellen Zugriff<\/li>\n<li>Ausreichend Platz zum Einsteigen anstelle von engen Einfahrten oder Fahrspuren<\/li>\n<li>Keine komplizierte Bel\u00fcftung oder teure Beleuchtungssysteme erforderlich<\/li>\n<li>Fahrzeuge sind sicher untergebracht, ein hervorragender Schutz gegen Diebstahl<\/li>\n<\/ul>\n<p>[\/et_pb_text][\/et_pb_column][\/et_pb_row][\/et_pb_section][et_pb_section fb_built=&#8220;1&#8243; admin_label=&#8220;Contact Section&#8220; _builder_version=&#8220;4.8.2&#8243; background_color=&#8220;#8ce3ce&#8220; background_image=&#8220;https:\/\/hublift.nl\/wp-content\/uploads\/2019\/11\/section-background.jpg&#8220; parallax=&#8220;on&#8220; parallax_method=&#8220;off&#8220; custom_padding=&#8220;100px|0px|0px|0px|false|false&#8220; top_divider_style=&#8220;asymmetric2&#8243; top_divider_color=&#8220;#8ce3ce&#8220; top_divider_flip=&#8220;vertical&#8220; box_shadow_style=&#8220;preset7&#8243; box_shadow_horizontal=&#8220;0px&#8220; box_shadow_vertical=&#8220;80px&#8220; box_shadow_color=&#8220;#2a3443&#8243; global_module=&#8220;4280&#8243; saved_tabs=&#8220;all&#8220; locked=&#8220;off&#8220; collapsed=&#8220;on&#8220; global_colors_info=&#8220;{}&#8220;][et_pb_row column_structure=&#8220;1_2,1_2&#8243; use_custom_gutter=&#8220;on&#8220; gutter_width=&#8220;1&#8243; make_equal=&#8220;on&#8220; admin_label=&#8220;Kontakt Zeile&#8220; module_class=&#8220; et_pb_row_fullwidth&#8220; _builder_version=&#8220;4.16&#8243; background_color=&#8220;RGBA(0,0,0,0)&#8220; width=&#8220;100%&#8220; width_tablet=&#8220;100%&#8220; width_phone=&#8220;&#8220; width_last_edited=&#8220;on|desktop&#8220; max_width=&#8220;100%&#8220; max_width_tablet=&#8220;100%&#8220; max_width_phone=&#8220;&#8220; max_width_last_edited=&#8220;on|desktop&#8220; custom_padding=&#8220;0px||0px|&#8220; make_fullwidth=&#8220;on&#8220; collapsed=&#8220;on&#8220; global_colors_info=&#8220;{}&#8220;][et_pb_column type=&#8220;1_2&#8243; _builder_version=&#8220;4.16&#8243; custom_padding=&#8220;140px|10%|60px|10%&#8220; global_colors_info=&#8220;{}&#8220; custom_padding__hover=&#8220;|||&#8220;][et_pb_text admin_label=&#8220;Title&#8220; _builder_version=&#8220;4.16&#8243; text_font=&#8220;||||||||&#8220; link_font=&#8220;|700|||||||&#8220; header_font=&#8220;||||||||&#8220; header_2_font_size=&#8220;50px&#8220; header_2_line_height=&#8220;1.4em&#8220; max_width=&#8220;100%&#8220; module_alignment=&#8220;center&#8220; custom_margin=&#8220;|||&#8220; custom_padding=&#8220;|||&#8220; locked=&#8220;off&#8220; global_colors_info=&#8220;{}&#8220;]<\/p>\n<h2>Lassen Sie uns zusammenarbeiten<\/h2>\n<p>Wir <a href=\"https:\/\/hublift.nl\/de\/kontakt\/\">beraten Sie<\/a> gerne und sorgen daf\u00fcr, dass Ihr Lift Ihren Bed\u00fcrfnissen entspricht, ohne Schnickschnack, der unn\u00f6tig hohe Preise verursacht. Wir konzentrieren uns auf den Ursprung der Anforderungen, um den Lift zu schaffen, der perfekt zu Ihren Bed\u00fcrfnissen passt. <\/p>\n<p>[\/et_pb_text][\/et_pb_column][et_pb_column type=&#8220;1_2&#8243; _builder_version=&#8220;4.16&#8243; background_enable_color=&#8220;off&#8220; custom_padding=&#8220;|||&#8220; global_colors_info=&#8220;{}&#8220; custom_padding__hover=&#8220;|||&#8220;][et_pb_button button_url=&#8220;@ET-DC@eyJkeW5hbWljIjp0cnVlLCJjb250ZW50IjoicG9zdF9saW5rX3VybF9wYWdlIiwic2V0dGluZ3MiOnsicG9zdF9pZCI6IjQ2In19@&#8220; button_text=&#8220;Kontaktieren Sie uns direkt&#8220; button_alignment=&#8220;center&#8220; admin_label=&#8220;Button&#8220; _builder_version=&#8220;4.16&#8243; _dynamic_attributes=&#8220;button_url&#8220; custom_button=&#8220;on&#8220; button_text_size=&#8220;16px&#8220; button_text_color=&#8220;#FFFFFF&#8220; button_bg_color=&#8220;#206AB2&#8243; button_border_width=&#8220;0px&#8220; button_border_radius=&#8220;5px&#8220; button_letter_spacing=&#8220;2px&#8220; button_font=&#8220;Ubuntu||||||||&#8220; button_icon=&#8220;=||divi||400&#8243; button_icon_color=&#8220;#FFFFFF&#8220; button_on_hover=&#8220;off&#8220; positioning=&#8220;absolute&#8220; position_origin_a=&#8220;center_left&#8220; position_origin_r=&#8220;top_right&#8220; background_layout=&#8220;dark&#8220; custom_margin=&#8220;40px||0px||false|false&#8220; custom_padding=&#8220;14px|36px|14px|28px|false|false&#8220; button_text_color_hover=&#8220;#ffffff&#8220; button_letter_spacing_hover=&#8220;2px&#8220; button_bg_color_hover=&#8220;#1fb6e9&#8243; locked=&#8220;off&#8220; global_colors_info=&#8220;{}&#8220; button_text_size__hover_enabled=&#8220;off&#8220; button_one_text_size__hover_enabled=&#8220;off&#8220; button_two_text_size__hover_enabled=&#8220;off&#8220; button_text_color__hover_enabled=&#8220;on&#8220; button_text_color__hover=&#8220;#ffffff&#8220; button_one_text_color__hover_enabled=&#8220;off&#8220; button_two_text_color__hover_enabled=&#8220;off&#8220; button_border_width__hover_enabled=&#8220;off&#8220; button_one_border_width__hover_enabled=&#8220;off&#8220; button_two_border_width__hover_enabled=&#8220;off&#8220; button_border_color__hover_enabled=&#8220;off&#8220; button_one_border_color__hover_enabled=&#8220;off&#8220; button_two_border_color__hover_enabled=&#8220;off&#8220; button_border_radius__hover_enabled=&#8220;off&#8220; button_one_border_radius__hover_enabled=&#8220;off&#8220; button_two_border_radius__hover_enabled=&#8220;off&#8220; button_letter_spacing__hover_enabled=&#8220;on&#8220; button_letter_spacing__hover=&#8220;2px&#8220; button_one_letter_spacing__hover_enabled=&#8220;off&#8220; button_two_letter_spacing__hover_enabled=&#8220;off&#8220; button_bg_color__hover_enabled=&#8220;on&#8220; button_bg_color__hover=&#8220;#1fb6e9&#8243; button_one_bg_color__hover_enabled=&#8220;off&#8220; button_two_bg_color__hover_enabled=&#8220;off&#8220;][\/et_pb_button][\/et_pb_column][\/et_pb_row][\/et_pb_section]<\/p>\n","protected":false},"excerpt":{"rendered":"<p>Shuttle-Parksystem Das vollautomatische Parksystem SP wurde entwickelt, um eine gro\u00dfe Anzahl von Autos so schnell wie m\u00f6glich auf kleinstem Raum unterzubringen. Dieses variable und exklusive Parksystem kann sogar in bestehende Geb\u00e4ude integriert werden. Um den Platz effizient zu nutzen, werden die Fahrzeuge in einem Block nebeneinander und vertikal auf speziellen Fahrzeugpaletten platziert. Die Parkpl\u00e4tze sind [&hellip;]<\/p>\n","protected":false},"author":4,"featured_media":0,"parent":4721,"menu_order":0,"comment_status":"closed","ping_status":"closed","template":"","meta":{"_et_pb_use_builder":"on","_et_pb_old_content":"","_et_gb_content_width":"","inline_featured_image":false,"footnotes":""},"class_list":["post-7876","page","type-page","status-publish","hentry"],"yoast_head":"<!-- This site is optimized with the Yoast SEO Premium plugin v26.5 (Yoast SEO v26.8) - https:\/\/yoast.com\/product\/yoast-seo-premium-wordpress\/ -->\n<title>Parksystem Auto-SP - Hublift<\/title>\n<meta name=\"robots\" content=\"index, follow, max-snippet:-1, max-image-preview:large, max-video-preview:-1\" \/>\n<link rel=\"canonical\" href=\"https:\/\/hublift.nl\/de\/parksystem\/parksystem-auto-sp\/\" \/>\n<meta property=\"og:locale\" content=\"de_DE\" \/>\n<meta property=\"og:type\" content=\"article\" \/>\n<meta property=\"og:title\" content=\"Parksystem Auto-SP\" \/>\n<meta property=\"og:description\" content=\"Shuttle-Parksystem Das vollautomatische Parksystem SP wurde entwickelt, um eine gro\u00dfe Anzahl von Autos so schnell wie m\u00f6glich auf kleinstem Raum unterzubringen. Dieses variable und exklusive Parksystem kann sogar in bestehende Geb\u00e4ude integriert werden. Um den Platz effizient zu nutzen, werden die Fahrzeuge in einem Block nebeneinander und vertikal auf speziellen Fahrzeugpaletten platziert. Die Parkpl\u00e4tze sind [&hellip;]\" \/>\n<meta property=\"og:url\" content=\"https:\/\/hublift.nl\/de\/parksystem\/parksystem-auto-sp\/\" \/>\n<meta property=\"og:site_name\" content=\"Hublift\" \/>\n<meta property=\"article:modified_time\" content=\"2025-02-12T09:48:02+00:00\" \/>\n<meta name=\"twitter:card\" content=\"summary_large_image\" \/>\n<meta name=\"twitter:label1\" content=\"Gesch\u00e4tzte Lesezeit\" \/>\n\t<meta name=\"twitter:data1\" content=\"10\u00a0Minuten\" \/>\n<script type=\"application\/ld+json\" class=\"yoast-schema-graph\">{\"@context\":\"https:\/\/schema.org\",\"@graph\":[{\"@type\":\"WebPage\",\"@id\":\"https:\/\/hublift.nl\/de\/parksystem\/parksystem-auto-sp\/\",\"url\":\"https:\/\/hublift.nl\/de\/parksystem\/parksystem-auto-sp\/\",\"name\":\"Parksystem Auto-SP - Hublift\",\"isPartOf\":{\"@id\":\"https:\/\/hublift.nl\/de\/#website\"},\"datePublished\":\"2025-02-12T09:48:01+00:00\",\"dateModified\":\"2025-02-12T09:48:02+00:00\",\"breadcrumb\":{\"@id\":\"https:\/\/hublift.nl\/de\/parksystem\/parksystem-auto-sp\/#breadcrumb\"},\"inLanguage\":\"de\",\"potentialAction\":[{\"@type\":\"ReadAction\",\"target\":[\"https:\/\/hublift.nl\/de\/parksystem\/parksystem-auto-sp\/\"]}]},{\"@type\":\"BreadcrumbList\",\"@id\":\"https:\/\/hublift.nl\/de\/parksystem\/parksystem-auto-sp\/#breadcrumb\",\"itemListElement\":[{\"@type\":\"ListItem\",\"position\":1,\"name\":\"Home\",\"item\":\"https:\/\/hublift.nl\/de\/\"},{\"@type\":\"ListItem\",\"position\":2,\"name\":\"Parksystem\",\"item\":\"https:\/\/hublift.nl\/de\/parksystem\/\"},{\"@type\":\"ListItem\",\"position\":3,\"name\":\"Parksystem Auto-SP\"}]},{\"@type\":\"WebSite\",\"@id\":\"https:\/\/hublift.nl\/de\/#website\",\"url\":\"https:\/\/hublift.nl\/de\/\",\"name\":\"Hublift\",\"description\":\"De specialist in goederen- auto- en personenliften.\",\"publisher\":{\"@id\":\"https:\/\/hublift.nl\/de\/#organization\"},\"potentialAction\":[{\"@type\":\"SearchAction\",\"target\":{\"@type\":\"EntryPoint\",\"urlTemplate\":\"https:\/\/hublift.nl\/de\/?s={search_term_string}\"},\"query-input\":{\"@type\":\"PropertyValueSpecification\",\"valueRequired\":true,\"valueName\":\"search_term_string\"}}],\"inLanguage\":\"de\"},{\"@type\":\"Organization\",\"@id\":\"https:\/\/hublift.nl\/de\/#organization\",\"name\":\"Hublift BV\",\"url\":\"https:\/\/hublift.nl\/de\/\",\"logo\":{\"@type\":\"ImageObject\",\"inLanguage\":\"de\",\"@id\":\"https:\/\/hublift.nl\/de\/#\/schema\/logo\/image\/\",\"url\":\"https:\/\/hublift.nl\/wp-content\/uploads\/2019\/11\/logo.png\",\"contentUrl\":\"https:\/\/hublift.nl\/wp-content\/uploads\/2019\/11\/logo.png\",\"width\":440,\"height\":170,\"caption\":\"Hublift BV\"},\"image\":{\"@id\":\"https:\/\/hublift.nl\/de\/#\/schema\/logo\/image\/\"},\"sameAs\":[\"https:\/\/www.linkedin.com\/company\/hublift\/\"]}]}<\/script>\n<!-- \/ Yoast SEO Premium plugin. -->","yoast_head_json":{"title":"Parksystem Auto-SP - Hublift","robots":{"index":"index","follow":"follow","max-snippet":"max-snippet:-1","max-image-preview":"max-image-preview:large","max-video-preview":"max-video-preview:-1"},"canonical":"https:\/\/hublift.nl\/de\/parksystem\/parksystem-auto-sp\/","og_locale":"de_DE","og_type":"article","og_title":"Parksystem Auto-SP","og_description":"Shuttle-Parksystem Das vollautomatische Parksystem SP wurde entwickelt, um eine gro\u00dfe Anzahl von Autos so schnell wie m\u00f6glich auf kleinstem Raum unterzubringen. Dieses variable und exklusive Parksystem kann sogar in bestehende Geb\u00e4ude integriert werden. Um den Platz effizient zu nutzen, werden die Fahrzeuge in einem Block nebeneinander und vertikal auf speziellen Fahrzeugpaletten platziert. Die Parkpl\u00e4tze sind [&hellip;]","og_url":"https:\/\/hublift.nl\/de\/parksystem\/parksystem-auto-sp\/","og_site_name":"Hublift","article_modified_time":"2025-02-12T09:48:02+00:00","twitter_card":"summary_large_image","twitter_misc":{"Gesch\u00e4tzte Lesezeit":"10\u00a0Minuten"},"schema":{"@context":"https:\/\/schema.org","@graph":[{"@type":"WebPage","@id":"https:\/\/hublift.nl\/de\/parksystem\/parksystem-auto-sp\/","url":"https:\/\/hublift.nl\/de\/parksystem\/parksystem-auto-sp\/","name":"Parksystem Auto-SP - Hublift","isPartOf":{"@id":"https:\/\/hublift.nl\/de\/#website"},"datePublished":"2025-02-12T09:48:01+00:00","dateModified":"2025-02-12T09:48:02+00:00","breadcrumb":{"@id":"https:\/\/hublift.nl\/de\/parksystem\/parksystem-auto-sp\/#breadcrumb"},"inLanguage":"de","potentialAction":[{"@type":"ReadAction","target":["https:\/\/hublift.nl\/de\/parksystem\/parksystem-auto-sp\/"]}]},{"@type":"BreadcrumbList","@id":"https:\/\/hublift.nl\/de\/parksystem\/parksystem-auto-sp\/#breadcrumb","itemListElement":[{"@type":"ListItem","position":1,"name":"Home","item":"https:\/\/hublift.nl\/de\/"},{"@type":"ListItem","position":2,"name":"Parksystem","item":"https:\/\/hublift.nl\/de\/parksystem\/"},{"@type":"ListItem","position":3,"name":"Parksystem Auto-SP"}]},{"@type":"WebSite","@id":"https:\/\/hublift.nl\/de\/#website","url":"https:\/\/hublift.nl\/de\/","name":"Hublift","description":"De specialist in goederen- auto- en personenliften.","publisher":{"@id":"https:\/\/hublift.nl\/de\/#organization"},"potentialAction":[{"@type":"SearchAction","target":{"@type":"EntryPoint","urlTemplate":"https:\/\/hublift.nl\/de\/?s={search_term_string}"},"query-input":{"@type":"PropertyValueSpecification","valueRequired":true,"valueName":"search_term_string"}}],"inLanguage":"de"},{"@type":"Organization","@id":"https:\/\/hublift.nl\/de\/#organization","name":"Hublift BV","url":"https:\/\/hublift.nl\/de\/","logo":{"@type":"ImageObject","inLanguage":"de","@id":"https:\/\/hublift.nl\/de\/#\/schema\/logo\/image\/","url":"https:\/\/hublift.nl\/wp-content\/uploads\/2019\/11\/logo.png","contentUrl":"https:\/\/hublift.nl\/wp-content\/uploads\/2019\/11\/logo.png","width":440,"height":170,"caption":"Hublift BV"},"image":{"@id":"https:\/\/hublift.nl\/de\/#\/schema\/logo\/image\/"},"sameAs":["https:\/\/www.linkedin.com\/company\/hublift\/"]}]}},"_links":{"self":[{"href":"https:\/\/hublift.nl\/de\/wp-json\/wp\/v2\/pages\/7876","targetHints":{"allow":["GET"]}}],"collection":[{"href":"https:\/\/hublift.nl\/de\/wp-json\/wp\/v2\/pages"}],"about":[{"href":"https:\/\/hublift.nl\/de\/wp-json\/wp\/v2\/types\/page"}],"author":[{"embeddable":true,"href":"https:\/\/hublift.nl\/de\/wp-json\/wp\/v2\/users\/4"}],"replies":[{"embeddable":true,"href":"https:\/\/hublift.nl\/de\/wp-json\/wp\/v2\/comments?post=7876"}],"version-history":[{"count":2,"href":"https:\/\/hublift.nl\/de\/wp-json\/wp\/v2\/pages\/7876\/revisions"}],"predecessor-version":[{"id":7878,"href":"https:\/\/hublift.nl\/de\/wp-json\/wp\/v2\/pages\/7876\/revisions\/7878"}],"up":[{"embeddable":true,"href":"https:\/\/hublift.nl\/de\/wp-json\/wp\/v2\/pages\/4721"}],"wp:attachment":[{"href":"https:\/\/hublift.nl\/de\/wp-json\/wp\/v2\/media?parent=7876"}],"curies":[{"name":"wp","href":"https:\/\/api.w.org\/{rel}","templated":true}]}}