{"id":1577,"date":"2020-03-27T15:22:12","date_gmt":"2020-03-27T15:22:12","guid":{"rendered":"https:\/\/www.hublift.nl\/blogs\/"},"modified":"2025-02-12T09:43:55","modified_gmt":"2025-02-12T09:43:55","slug":"blogs","status":"publish","type":"page","link":"https:\/\/hublift.nl\/de\/blogs\/","title":{"rendered":"Blogs"},"content":{"rendered":"<p>[et_pb_section fb_built=&#8220;1&#8243; custom_padding_last_edited=&#8220;on|phone&#8220; next_background_color=&#8220;#ffffff&#8220; admin_label=&#8220;Hero Section&#8220; _builder_version=&#8220;4.16&#8243; background_enable_color=&#8220;off&#8220; use_background_color_gradient=&#8220;on&#8220; background_color_gradient_type=&#8220;circular&#8220; background_color_gradient_direction_radial=&#8220;bottom left&#8220; background_color_gradient_stops=&#8220;#206ab2 20%|rgba(0,0,0,0) 100%&#8220; background_color_gradient_overlays_image=&#8220;on&#8220; background_color_gradient_start=&#8220;#206ab2&#8243; background_color_gradient_start_position=&#8220;20%&#8220; background_color_gradient_end=&#8220;rgba(0,0,0,0)&#8220; background_image=&#8220;https:\/\/hublift.nl\/wp-content\/uploads\/2021\/05\/Hout-Brox-Goederenlift-6.jpg&#8220; background_position=&#8220;center_left&#8220; custom_padding=&#8220;200px|0px|200px|0px&#8220; custom_padding_tablet=&#8220;200px||200px|&#8220; custom_padding_phone=&#8220;140px||140px|&#8220; bottom_divider_style=&#8220;asymmetric2&#8243; bottom_divider_flip=&#8220;horizontal&#8220; locked=&#8220;off&#8220; collapsed=&#8220;on&#8220; global_colors_info=&#8220;{}&#8220;][et_pb_row column_structure=&#8220;1_2,1_2&#8243; custom_padding_last_edited=&#8220;on|phone&#8220; _builder_version=&#8220;4.16&#8243; background_color=&#8220;rgba(0,0,0,0.3)&#8220; max_width=&#8220;100%&#8220; custom_padding=&#8220;20px|20px|20px|20px|true|true&#8220; custom_padding_tablet=&#8220;&#8220; custom_padding_phone=&#8220;|10px||10px|true|true&#8220; animation_direction=&#8220;bottom&#8220; border_radii=&#8220;on|20px|20px|20px|20px&#8220; global_colors_info=&#8220;{}&#8220; custom_padding__hover_enabled=&#8220;off|desktop&#8220;][et_pb_column type=&#8220;1_2&#8243; _builder_version=&#8220;4.16&#8243; custom_padding=&#8220;|||&#8220; global_colors_info=&#8220;{}&#8220; custom_padding__hover=&#8220;|||&#8220;][et_pb_text admin_label=&#8220;Title and subhead&#8220; _builder_version=&#8220;4.16&#8243; text_text_color=&#8220;#f2f2f2&#8243; text_font_size=&#8220;18px&#8220; background_layout=&#8220;dark&#8220; max_width=&#8220;100%&#8220; module_alignment=&#8220;center&#8220; custom_padding=&#8220;0px||0px||false|false&#8220; locked=&#8220;off&#8220; global_colors_info=&#8220;{}&#8220;]<\/p>\n<h1>Blogs<\/h1>\n<p>Lesen Sie mehr \u00fcber unsere Projekte, was wir tun und wie wir arbeiten in unseren Blogs . <\/p>\n<p>[\/et_pb_text][\/et_pb_column][et_pb_column type=&#8220;1_2&#8243; _builder_version=&#8220;4.16&#8243; custom_padding=&#8220;|||&#8220; global_colors_info=&#8220;{}&#8220; custom_padding__hover=&#8220;|||&#8220;][\/et_pb_column][\/et_pb_row][\/et_pb_section][et_pb_section fb_built=&#8220;1&#8243; _builder_version=&#8220;4.16&#8243; collapsed=&#8220;off&#8220; global_colors_info=&#8220;{}&#8220;][et_pb_row _builder_version=&#8220;4.20.2&#8243; width=&#8220;100%&#8220; max_width=&#8220;80%&#8220; collapsed=&#8220;off&#8220; global_colors_info=&#8220;{}&#8220;][et_pb_column type=&#8220;4_4&#8243; _builder_version=&#8220;4.16&#8243; global_colors_info=&#8220;{}&#8220;][et_pb_blog fullwidth=&#8220;off&#8220; posts_number=&#8220;20&#8243; include_categories=&#8220;25,1&#8243; excerpt_length=&#8220;150&#8243; show_more=&#8220;on&#8220; show_author=&#8220;off&#8220; show_date=&#8220;off&#8220; show_categories=&#8220;off&#8220; module_class=&#8220;et_blog_grid_equal_height&#8220; _builder_version=&#8220;4.24.0&#8243; header_font=&#8220;Montserrat||||||||&#8220; header_font_size=&#8220;24px&#8220; meta_font=&#8220;Montserrat||||||||&#8220; read_more_font=&#8220;Montserrat||||||||&#8220; border_width_all=&#8220;0px&#8220; border_radii_image=&#8220;on|8px|8px|8px|8px&#8220; box_shadow_style=&#8220;preset3&#8243; box_shadow_vertical=&#8220;0px&#8220; box_shadow_blur=&#8220;16px&#8220; box_shadow_spread=&#8220;-4px&#8220; box_shadow_color=&#8220;rgba(32,106,178,0.25)&#8220; global_colors_info=&#8220;{}&#8220;][\/et_pb_blog][\/et_pb_column][\/et_pb_row][\/et_pb_section][et_pb_section fb_built=&#8220;1&#8243; admin_label=&#8220;Contact Section&#8220; _builder_version=&#8220;4.14.2&#8243; background_color=&#8220;#E4F2FF&#8220; background_image=&#8220;https:\/\/hublift.nl\/wp-content\/uploads\/2019\/11\/section-background.jpg&#8220; parallax=&#8220;on&#8220; custom_padding=&#8220;100px|0px|0px|0px|false|false&#8220; top_divider_style=&#8220;asymmetric2&#8243; top_divider_color=&#8220;#FFFFFF&#8220; top_divider_flip=&#8220;vertical&#8220; box_shadow_style=&#8220;preset7&#8243; box_shadow_horizontal=&#8220;0px&#8220; box_shadow_vertical=&#8220;80px&#8220; box_shadow_color=&#8220;#2a3443&#8243; global_module=&#8220;4216&#8243; saved_tabs=&#8220;all&#8220; locked=&#8220;off&#8220; collapsed=&#8220;off&#8220; global_colors_info=&#8220;{}&#8220;][et_pb_row column_structure=&#8220;1_2,1_2&#8243; use_custom_gutter=&#8220;on&#8220; gutter_width=&#8220;1&#8243; make_equal=&#8220;on&#8220; admin_label=&#8220;Contact Row&#8220; module_class=&#8220; et_pb_row_fullwidth&#8220; _builder_version=&#8220;4.16&#8243; background_enable_color=&#8220;off&#8220; width=&#8220;100%&#8220; width_tablet=&#8220;100%&#8220; width_phone=&#8220;&#8220; width_last_edited=&#8220;on|desktop&#8220; max_width=&#8220;100%&#8220; max_width_tablet=&#8220;100%&#8220; max_width_phone=&#8220;&#8220; max_width_last_edited=&#8220;on|desktop&#8220; custom_padding=&#8220;0px||0px|&#8220; make_fullwidth=&#8220;on&#8220; collapsed=&#8220;off&#8220; global_colors_info=&#8220;{}&#8220;][et_pb_column type=&#8220;1_2&#8243; _builder_version=&#8220;4.16&#8243; custom_padding=&#8220;140px|10%|60px|10%&#8220; global_colors_info=&#8220;{}&#8220; custom_padding__hover=&#8220;|||&#8220;][et_pb_text admin_label=&#8220;Title&#8220; _builder_version=&#8220;4.20.2&#8243; text_font=&#8220;||||||||&#8220; link_font=&#8220;|700|||||||&#8220; header_font=&#8220;||||||||&#8220; header_2_font_size=&#8220;50px&#8220; header_2_line_height=&#8220;1.4em&#8220; max_width=&#8220;100%&#8220; module_alignment=&#8220;center&#8220; custom_margin=&#8220;|||&#8220; custom_padding=&#8220;||0px|||&#8220; locked=&#8220;off&#8220; global_colors_info=&#8220;{}&#8220;]<\/p>\n<h2>Let&#8217;s Work Together<\/h2>\n<p>Gerne <a href=\"https:\/\/hublift.nl\/de\/kontakt\/\">beraten wir Sie unverbindlich<\/a> und sorgen daf\u00fcr, dass Ihr Aufzug Ihren Anforderungen entspricht. Kein Schnickschnack, der unn\u00f6tig hohe Preise verursacht, denn wir konzentrieren uns auf den Ursprung der Nachfrage, um den Aufzug zu schaffen, der perfekt zu Ihren Bed\u00fcrfnissen passt.<\/p>\n<p>[\/et_pb_text][\/et_pb_column][et_pb_column type=&#8220;1_2&#8243; _builder_version=&#8220;4.16&#8243; _module_preset=&#8220;default&#8220; global_colors_info=&#8220;{}&#8220;][et_pb_button button_url=&#8220;@ET-DC@eyJkeW5hbWljIjp0cnVlLCJjb250ZW50IjoicG9zdF9saW5rX3VybF9wYWdlIiwic2V0dGluZ3MiOnsicG9zdF9pZCI6IjQ2In19@&#8220; button_text=&#8220;Kontaktieren Sie uns direkt&#8220; button_alignment=&#8220;center&#8220; admin_label=&#8220;Button&#8220; _builder_version=&#8220;4.16&#8243; _dynamic_attributes=&#8220;button_url&#8220; custom_button=&#8220;on&#8220; button_text_size=&#8220;16px&#8220; button_text_color=&#8220;#FFFFFF&#8220; button_bg_color=&#8220;#206AB2&#8243; button_border_width=&#8220;0px&#8220; button_border_radius=&#8220;5px&#8220; button_letter_spacing=&#8220;2px&#8220; button_font=&#8220;Ubuntu||||||||&#8220; button_icon=&#8220;&#x3d;||divi||400&#8243; button_icon_color=&#8220;#FFFFFF&#8220; button_on_hover=&#8220;off&#8220; positioning=&#8220;absolute&#8220; position_origin_a=&#8220;center_left&#8220; position_origin_r=&#8220;top_right&#8220; background_layout=&#8220;dark&#8220; custom_margin=&#8220;40px||0px||false|false&#8220; custom_padding=&#8220;14px|36px|14px|28px|false|false&#8220; button_text_color_hover=&#8220;#ffffff&#8220; button_letter_spacing_hover=&#8220;2px&#8220; button_bg_color_hover=&#8220;#1fb6e9&#8243; locked=&#8220;off&#8220; global_colors_info=&#8220;{}&#8220; button_text_size__hover_enabled=&#8220;off&#8220; button_one_text_size__hover_enabled=&#8220;off&#8220; button_two_text_size__hover_enabled=&#8220;off&#8220; button_text_color__hover_enabled=&#8220;on&#8220; button_text_color__hover=&#8220;#ffffff&#8220; button_one_text_color__hover_enabled=&#8220;off&#8220; button_two_text_color__hover_enabled=&#8220;off&#8220; button_border_width__hover_enabled=&#8220;off&#8220; button_one_border_width__hover_enabled=&#8220;off&#8220; button_two_border_width__hover_enabled=&#8220;off&#8220; button_border_color__hover_enabled=&#8220;off&#8220; button_one_border_color__hover_enabled=&#8220;off&#8220; button_two_border_color__hover_enabled=&#8220;off&#8220; button_border_radius__hover_enabled=&#8220;off&#8220; button_one_border_radius__hover_enabled=&#8220;off&#8220; button_two_border_radius__hover_enabled=&#8220;off&#8220; button_letter_spacing__hover_enabled=&#8220;on&#8220; button_letter_spacing__hover=&#8220;2px&#8220; button_one_letter_spacing__hover_enabled=&#8220;off&#8220; button_two_letter_spacing__hover_enabled=&#8220;off&#8220; button_bg_color__hover_enabled=&#8220;on&#8220; button_bg_color__hover=&#8220;#1fb6e9&#8243; button_one_bg_color__hover_enabled=&#8220;off&#8220; button_two_bg_color__hover_enabled=&#8220;off&#8220;][\/et_pb_button][\/et_pb_column][\/et_pb_row][\/et_pb_section]<\/p>\n","protected":false},"excerpt":{"rendered":"<p>Blogs Lesen Sie mehr \u00fcber unsere Projekte, was wir tun und wie wir arbeiten in unseren Blogs . Let&#8217;s Work Together Gerne beraten wir Sie unverbindlich und sorgen daf\u00fcr, dass Ihr Aufzug Ihren Anforderungen entspricht. Kein Schnickschnack, der unn\u00f6tig hohe Preise verursacht, denn wir konzentrieren uns auf den Ursprung der Nachfrage, um den Aufzug zu [&hellip;]<\/p>\n","protected":false},"author":1,"featured_media":0,"parent":0,"menu_order":0,"comment_status":"closed","ping_status":"closed","template":"","meta":{"_et_pb_use_builder":"on","_et_pb_old_content":"","_et_gb_content_width":"","inline_featured_image":false,"footnotes":""},"class_list":["post-1577","page","type-page","status-publish","hentry"],"yoast_head":"<!-- This site is optimized with the Yoast SEO Premium plugin v26.5 (Yoast SEO v26.8) - https:\/\/yoast.com\/product\/yoast-seo-premium-wordpress\/ -->\n<title>Lesen Sie unsere Blogs und ver\u00e4ndern Sie den vertikalen Transport mit unseren Liften!<\/title>\n<meta name=\"description\" content=\"Wir teilen regelm\u00e4\u00dfig Neuigkeiten und interessante Artikel \u00fcber unsere Lifte. Alle Artikel auf dieser Seite anzeigen.\" \/>\n<meta name=\"robots\" content=\"index, follow, max-snippet:-1, max-image-preview:large, max-video-preview:-1\" \/>\n<link rel=\"canonical\" href=\"https:\/\/hublift.nl\/de\/blogs\/\" \/>\n<meta property=\"og:locale\" content=\"de_DE\" \/>\n<meta property=\"og:type\" content=\"article\" \/>\n<meta property=\"og:title\" content=\"Blogs\" \/>\n<meta property=\"og:description\" content=\"Wir teilen regelm\u00e4\u00dfig Neuigkeiten und interessante Artikel \u00fcber unsere Lifte. Alle Artikel auf dieser Seite anzeigen.\" \/>\n<meta property=\"og:url\" content=\"https:\/\/hublift.nl\/de\/blogs\/\" \/>\n<meta property=\"og:site_name\" content=\"Hublift\" \/>\n<meta property=\"article:modified_time\" content=\"2025-02-12T09:43:55+00:00\" \/>\n<meta name=\"twitter:card\" content=\"summary_large_image\" \/>\n<meta name=\"twitter:label1\" content=\"Gesch\u00e4tzte Lesezeit\" \/>\n\t<meta name=\"twitter:data1\" content=\"5\u00a0Minuten\" \/>\n<script type=\"application\/ld+json\" class=\"yoast-schema-graph\">{\"@context\":\"https:\/\/schema.org\",\"@graph\":[{\"@type\":\"WebPage\",\"@id\":\"https:\/\/hublift.nl\/de\/blogs\/\",\"url\":\"https:\/\/hublift.nl\/de\/blogs\/\",\"name\":\"Lesen Sie unsere Blogs und ver\u00e4ndern Sie den vertikalen Transport mit unseren Liften!\",\"isPartOf\":{\"@id\":\"https:\/\/hublift.nl\/de\/#website\"},\"datePublished\":\"2020-03-27T15:22:12+00:00\",\"dateModified\":\"2025-02-12T09:43:55+00:00\",\"description\":\"Wir teilen regelm\u00e4\u00dfig Neuigkeiten und interessante Artikel \u00fcber unsere Lifte. Alle Artikel auf dieser Seite anzeigen.\",\"breadcrumb\":{\"@id\":\"https:\/\/hublift.nl\/de\/blogs\/#breadcrumb\"},\"inLanguage\":\"de\",\"potentialAction\":[{\"@type\":\"ReadAction\",\"target\":[\"https:\/\/hublift.nl\/de\/blogs\/\"]}]},{\"@type\":\"BreadcrumbList\",\"@id\":\"https:\/\/hublift.nl\/de\/blogs\/#breadcrumb\",\"itemListElement\":[{\"@type\":\"ListItem\",\"position\":1,\"name\":\"Home\",\"item\":\"https:\/\/hublift.nl\/de\/\"},{\"@type\":\"ListItem\",\"position\":2,\"name\":\"Blogs\"}]},{\"@type\":\"WebSite\",\"@id\":\"https:\/\/hublift.nl\/de\/#website\",\"url\":\"https:\/\/hublift.nl\/de\/\",\"name\":\"Hublift\",\"description\":\"De specialist in goederen- auto- en personenliften.\",\"publisher\":{\"@id\":\"https:\/\/hublift.nl\/de\/#organization\"},\"potentialAction\":[{\"@type\":\"SearchAction\",\"target\":{\"@type\":\"EntryPoint\",\"urlTemplate\":\"https:\/\/hublift.nl\/de\/?s={search_term_string}\"},\"query-input\":{\"@type\":\"PropertyValueSpecification\",\"valueRequired\":true,\"valueName\":\"search_term_string\"}}],\"inLanguage\":\"de\"},{\"@type\":\"Organization\",\"@id\":\"https:\/\/hublift.nl\/de\/#organization\",\"name\":\"Hublift BV\",\"url\":\"https:\/\/hublift.nl\/de\/\",\"logo\":{\"@type\":\"ImageObject\",\"inLanguage\":\"de\",\"@id\":\"https:\/\/hublift.nl\/de\/#\/schema\/logo\/image\/\",\"url\":\"https:\/\/hublift.nl\/wp-content\/uploads\/2019\/11\/logo.png\",\"contentUrl\":\"https:\/\/hublift.nl\/wp-content\/uploads\/2019\/11\/logo.png\",\"width\":440,\"height\":170,\"caption\":\"Hublift BV\"},\"image\":{\"@id\":\"https:\/\/hublift.nl\/de\/#\/schema\/logo\/image\/\"},\"sameAs\":[\"https:\/\/www.linkedin.com\/company\/hublift\/\"]}]}<\/script>\n<!-- \/ Yoast SEO Premium plugin. -->","yoast_head_json":{"title":"Lesen Sie unsere Blogs und ver\u00e4ndern Sie den vertikalen Transport mit unseren Liften!","description":"Wir teilen regelm\u00e4\u00dfig Neuigkeiten und interessante Artikel \u00fcber unsere Lifte. Alle Artikel auf dieser Seite anzeigen.","robots":{"index":"index","follow":"follow","max-snippet":"max-snippet:-1","max-image-preview":"max-image-preview:large","max-video-preview":"max-video-preview:-1"},"canonical":"https:\/\/hublift.nl\/de\/blogs\/","og_locale":"de_DE","og_type":"article","og_title":"Blogs","og_description":"Wir teilen regelm\u00e4\u00dfig Neuigkeiten und interessante Artikel \u00fcber unsere Lifte. Alle Artikel auf dieser Seite anzeigen.","og_url":"https:\/\/hublift.nl\/de\/blogs\/","og_site_name":"Hublift","article_modified_time":"2025-02-12T09:43:55+00:00","twitter_card":"summary_large_image","twitter_misc":{"Gesch\u00e4tzte Lesezeit":"5\u00a0Minuten"},"schema":{"@context":"https:\/\/schema.org","@graph":[{"@type":"WebPage","@id":"https:\/\/hublift.nl\/de\/blogs\/","url":"https:\/\/hublift.nl\/de\/blogs\/","name":"Lesen Sie unsere Blogs und ver\u00e4ndern Sie den vertikalen Transport mit unseren Liften!","isPartOf":{"@id":"https:\/\/hublift.nl\/de\/#website"},"datePublished":"2020-03-27T15:22:12+00:00","dateModified":"2025-02-12T09:43:55+00:00","description":"Wir teilen regelm\u00e4\u00dfig Neuigkeiten und interessante Artikel \u00fcber unsere Lifte. Alle Artikel auf dieser Seite anzeigen.","breadcrumb":{"@id":"https:\/\/hublift.nl\/de\/blogs\/#breadcrumb"},"inLanguage":"de","potentialAction":[{"@type":"ReadAction","target":["https:\/\/hublift.nl\/de\/blogs\/"]}]},{"@type":"BreadcrumbList","@id":"https:\/\/hublift.nl\/de\/blogs\/#breadcrumb","itemListElement":[{"@type":"ListItem","position":1,"name":"Home","item":"https:\/\/hublift.nl\/de\/"},{"@type":"ListItem","position":2,"name":"Blogs"}]},{"@type":"WebSite","@id":"https:\/\/hublift.nl\/de\/#website","url":"https:\/\/hublift.nl\/de\/","name":"Hublift","description":"De specialist in goederen- auto- en personenliften.","publisher":{"@id":"https:\/\/hublift.nl\/de\/#organization"},"potentialAction":[{"@type":"SearchAction","target":{"@type":"EntryPoint","urlTemplate":"https:\/\/hublift.nl\/de\/?s={search_term_string}"},"query-input":{"@type":"PropertyValueSpecification","valueRequired":true,"valueName":"search_term_string"}}],"inLanguage":"de"},{"@type":"Organization","@id":"https:\/\/hublift.nl\/de\/#organization","name":"Hublift BV","url":"https:\/\/hublift.nl\/de\/","logo":{"@type":"ImageObject","inLanguage":"de","@id":"https:\/\/hublift.nl\/de\/#\/schema\/logo\/image\/","url":"https:\/\/hublift.nl\/wp-content\/uploads\/2019\/11\/logo.png","contentUrl":"https:\/\/hublift.nl\/wp-content\/uploads\/2019\/11\/logo.png","width":440,"height":170,"caption":"Hublift BV"},"image":{"@id":"https:\/\/hublift.nl\/de\/#\/schema\/logo\/image\/"},"sameAs":["https:\/\/www.linkedin.com\/company\/hublift\/"]}]}},"_links":{"self":[{"href":"https:\/\/hublift.nl\/de\/wp-json\/wp\/v2\/pages\/1577","targetHints":{"allow":["GET"]}}],"collection":[{"href":"https:\/\/hublift.nl\/de\/wp-json\/wp\/v2\/pages"}],"about":[{"href":"https:\/\/hublift.nl\/de\/wp-json\/wp\/v2\/types\/page"}],"author":[{"embeddable":true,"href":"https:\/\/hublift.nl\/de\/wp-json\/wp\/v2\/users\/1"}],"replies":[{"embeddable":true,"href":"https:\/\/hublift.nl\/de\/wp-json\/wp\/v2\/comments?post=1577"}],"version-history":[{"count":18,"href":"https:\/\/hublift.nl\/de\/wp-json\/wp\/v2\/pages\/1577\/revisions"}],"predecessor-version":[{"id":7855,"href":"https:\/\/hublift.nl\/de\/wp-json\/wp\/v2\/pages\/1577\/revisions\/7855"}],"wp:attachment":[{"href":"https:\/\/hublift.nl\/de\/wp-json\/wp\/v2\/media?parent=1577"}],"curies":[{"name":"wp","href":"https:\/\/api.w.org\/{rel}","templated":true}]}}