{"id":1439,"date":"2020-03-22T16:55:31","date_gmt":"2020-03-22T16:55:31","guid":{"rendered":"https:\/\/www.hublift.nl\/lastenaufzuege\/tc-2c-lastenaufzug\/"},"modified":"2020-03-31T18:19:54","modified_gmt":"2020-03-31T18:19:54","slug":"tc-2c-lastenaufzug","status":"publish","type":"page","link":"https:\/\/hublift.nl\/de\/lastenaufzuege\/tc-2c-lastenaufzug\/","title":{"rendered":"TC 2C Lastenaufzug"},"content":{"rendered":"<p>[et_pb_section fb_built=&#8220;1&#8243; custom_padding_last_edited=&#8220;on|tablet&#8220; admin_label=&#8220;Hero Section&#8220; _builder_version=&#8220;4.0.6&#8243; use_background_color_gradient=&#8220;on&#8220; background_color_gradient_start=&#8220;rgba(42,109,175,0.65)&#8220; background_color_gradient_end=&#8220;rgba(9,49,88,0.2)&#8220; background_color_gradient_direction=&#8220;254deg&#8220; background_color_gradient_start_position=&#8220;69%&#8220; background_color_gradient_end_position=&#8220;93%&#8220; background_color_gradient_overlays_image=&#8220;on&#8220; background_image=&#8220;https:\/\/hublift.nl\/wp-content\/uploads\/2019\/11\/DSC_0170.jpg&#8220; custom_padding=&#8220;100px|0px|150px|0px||&#8220; custom_padding_tablet=&#8220;|||&#8220; custom_padding_phone=&#8220;|||&#8220; hover_enabled=&#8220;0&#8243;][et_pb_row _builder_version=&#8220;3.25&#8243; custom_padding=&#8220;|||&#8220; animation_style=&#8220;slide&#8220; animation_direction=&#8220;bottom&#8220; animation_intensity_slide=&#8220;10%&#8220;][et_pb_column type=&#8220;4_4&#8243; _builder_version=&#8220;3.25&#8243; custom_padding=&#8220;|||&#8220; custom_padding__hover=&#8220;|||&#8220;][et_pb_text admin_label=&#8220;Title and subhead&#8220; _builder_version=&#8220;4.0.6&#8243; text_font=&#8220;Ubuntu||||||||&#8220; text_text_color=&#8220;rgba(255,255,255,0.7)&#8220; text_font_size=&#8220;16px&#8220; text_line_height=&#8220;1.8em&#8220; header_font=&#8220;Montserrat|700|||||||&#8220; header_text_color=&#8220;#ffffff&#8220; header_font_size=&#8220;50px&#8220; header_line_height=&#8220;1.4em&#8220; header_2_font=&#8220;||||||||&#8220; text_orientation=&#8220;center&#8220; max_width=&#8220;600px&#8220; module_alignment=&#8220;center&#8220; header_font_size_tablet=&#8220;&#8220; header_font_size_phone=&#8220;40px&#8220; header_font_size_last_edited=&#8220;on|desktop&#8220; locked=&#8220;off&#8220;]<\/p>\n<h1>TC 2C Lastenaufzug<\/h1>\n<p>[\/et_pb_text][\/et_pb_column][\/et_pb_row][\/et_pb_section][et_pb_section fb_built=&#8220;1&#8243; admin_label=&#8220;Things We Do Best&#8220; _builder_version=&#8220;3.22&#8243; custom_padding=&#8220;0px|0px|0px|0px||&#8220;][et_pb_row admin_label=&#8220;Tittle Row&#8220; _builder_version=&#8220;4.0.6&#8243; width=&#8220;100%&#8220; max_width=&#8220;1183px&#8220;][et_pb_column type=&#8220;4_4&#8243; _builder_version=&#8220;3.25&#8243; custom_padding=&#8220;|||&#8220; custom_padding__hover=&#8220;|||&#8220;][et_pb_text admin_label=&#8220;Title&#8220; _builder_version=&#8220;3.27.4&#8243; text_font=&#8220;Ubuntu||||||||&#8220; text_font_size=&#8220;16px&#8220; text_line_height=&#8220;1.8em&#8220; header_font=&#8220;||||||||&#8220; header_2_font=&#8220;Montserrat|700|||||||&#8220; header_2_font_size=&#8220;40px&#8220; header_2_line_height=&#8220;1.4em&#8220; text_orientation=&#8220;center&#8220; max_width=&#8220;600px&#8220; module_alignment=&#8220;center&#8220; custom_margin=&#8220;|||&#8220; custom_padding=&#8220;||0px|||&#8220;]<\/p>\n<h2>TC 2C Lastenaufzug<\/h2>\n<p>[\/et_pb_text][\/et_pb_column][\/et_pb_row][\/et_pb_section][et_pb_section fb_built=&#8220;1&#8243; specialty=&#8220;on&#8220; _builder_version=&#8220;4.0.6&#8243; custom_padding=&#8220;2px|||||&#8220;][et_pb_column type=&#8220;1_2&#8243; _builder_version=&#8220;3.25&#8243; custom_padding=&#8220;|||&#8220; custom_padding__hover=&#8220;|||&#8220;][et_pb_image src=&#8220;https:\/\/hublift.nl\/wp-content\/uploads\/2020\/01\/TC-2C-Goederenlift-resized.jpg&#8220; _builder_version=&#8220;4.0.6&#8243; custom_margin=&#8220;|||-219px||&#8220;][\/et_pb_image][\/et_pb_column][et_pb_column type=&#8220;1_2&#8243; specialty_columns=&#8220;2&#8243; _builder_version=&#8220;3.25&#8243; custom_padding=&#8220;|||&#8220; custom_padding__hover=&#8220;|||&#8220;][et_pb_row_inner _builder_version=&#8220;4.0.6&#8243; custom_margin=&#8220;|-1px||||&#8220;][et_pb_column_inner saved_specialty_column_type=&#8220;1_2&#8243; _builder_version=&#8220;4.0.6&#8243;][et_pb_text _builder_version=&#8220;4.0.6&#8243; text_font=&#8220;Montserrat||||||||&#8220; header_font=&#8220;|700|||||||&#8220;]<\/p>\n<p>Hydraulische Lastenaufzug mit zwei Zylindern. Der TC 2C erf\u00fcllt die h\u00f6chsten Anforderungen f\u00fcr den Warentransport zwischen Etagen. Zwei gegen\u00fcberliegende Zylinder, hydraulisch und mechanisch synchronisiert, sorgen zusammen mit den 4 F\u00fchrungsschienen f\u00fcr Stabilit\u00e4t, die mit anderen Antriebstypen nicht zu vergleichen ist. Es ist f\u00fcr den Einbau in einen Bauschacht mit zugeh\u00f6rigen T\u00fcren an den Ein- \/ Ausg\u00e4ngen vorgesehen. Kapazit\u00e4t von 500 bis 3000 kg, Geschwindigkeit 0,13 m \/ s. Die TC 2C-Serie entspricht der aktuellen EU-Richtlinie zur Maschinensicherheit. <\/p>\n<p>Die TC 2C-Aufz\u00fcge sind mit den folgenden Optionen erh\u00e4ltlich: <br \/>&#8211; Handbet\u00e4tigte Dreht\u00fcren mit Scharnier <br \/>&#8211; Elektrische Rolltore<br \/>&#8211; Gel\u00e4nder<br \/>&#8211; Kabine<br \/>&#8211; Laderampe<br \/>&#8211; Zweite Geschwindigkeit<br \/>&#8211; Selbsttragende Aufzugsschacht<br \/>&#8211; Beweglicher Hebel<br \/>&#8211; IP Schutzklasse<\/p>\n<p>[\/et_pb_text][et_pb_button button_url=&#8220;https:\/\/hublift.nl\/de\/angebot\/&#8220; button_text=&#8220;Fordern Sie ein Angebot an&#8220; button_alignment=&#8220;center&#8220; admin_label=&#8220;Button&#8220; _builder_version=&#8220;4.0.6&#8243; custom_button=&#8220;on&#8220; button_text_size=&#8220;16px&#8220; button_text_color=&#8220;#ffffff&#8220; button_bg_color=&#8220;#216ab1&#8243; button_border_width=&#8220;0px&#8220; button_border_radius=&#8220;5px&#8220; button_letter_spacing=&#8220;2px&#8220; button_font=&#8220;Ubuntu|||on|||||&#8220; button_use_icon=&#8220;off&#8220; background_layout=&#8220;dark&#8220; custom_margin=&#8220;-10px|||||&#8220; custom_padding=&#8220;14px|28px|14px|28px&#8220; button_text_color_hover=&#8220;#ffffff&#8220; button_letter_spacing_hover=&#8220;2px&#8220; button_bg_color_hover=&#8220;#1fb6e9&#8243; locked=&#8220;off&#8220; button_text_size__hover_enabled=&#8220;off&#8220; button_one_text_size__hover_enabled=&#8220;off&#8220; button_two_text_size__hover_enabled=&#8220;off&#8220; button_text_color__hover_enabled=&#8220;on&#8220; button_text_color__hover=&#8220;#ffffff&#8220; button_one_text_color__hover_enabled=&#8220;off&#8220; button_two_text_color__hover_enabled=&#8220;off&#8220; button_border_width__hover_enabled=&#8220;off&#8220; button_one_border_width__hover_enabled=&#8220;off&#8220; button_two_border_width__hover_enabled=&#8220;off&#8220; button_border_color__hover_enabled=&#8220;off&#8220; button_one_border_color__hover_enabled=&#8220;off&#8220; button_two_border_color__hover_enabled=&#8220;off&#8220; button_border_radius__hover_enabled=&#8220;off&#8220; button_one_border_radius__hover_enabled=&#8220;off&#8220; button_two_border_radius__hover_enabled=&#8220;off&#8220; button_letter_spacing__hover_enabled=&#8220;on&#8220; button_letter_spacing__hover=&#8220;2px&#8220; button_one_letter_spacing__hover_enabled=&#8220;off&#8220; button_two_letter_spacing__hover_enabled=&#8220;off&#8220; button_bg_color__hover_enabled=&#8220;on&#8220; button_bg_color__hover=&#8220;#1fb6e9&#8243; button_one_bg_color__hover_enabled=&#8220;off&#8220; button_two_bg_color__hover_enabled=&#8220;off&#8220;][\/et_pb_button][\/et_pb_column_inner][\/et_pb_row_inner][\/et_pb_column][\/et_pb_section][et_pb_section fb_built=&#8220;1&#8243; specialty=&#8220;on&#8220; _builder_version=&#8220;4.0.6&#8243; custom_padding=&#8220;2px|||||&#8220;][et_pb_column type=&#8220;1_2&#8243; _builder_version=&#8220;3.25&#8243; custom_padding=&#8220;|||&#8220; custom_padding__hover=&#8220;|||&#8220;][et_pb_image src=&#8220;https:\/\/hublift.nl\/wp-content\/uploads\/2019\/12\/TC-2C-goederenlift-schets.png&#8220; _builder_version=&#8220;4.0.6&#8243; width=&#8220;100%&#8220; custom_margin=&#8220;|||-219px||&#8220;][\/et_pb_image][\/et_pb_column][et_pb_column type=&#8220;1_2&#8243; specialty_columns=&#8220;2&#8243; _builder_version=&#8220;3.25&#8243; custom_padding=&#8220;|||&#8220; custom_padding__hover=&#8220;|||&#8220;][et_pb_row_inner _builder_version=&#8220;4.0.6&#8243; custom_margin=&#8220;|-1px||||&#8220;][et_pb_column_inner saved_specialty_column_type=&#8220;1_2&#8243; _builder_version=&#8220;4.0.6&#8243;][et_pb_text _builder_version=&#8220;4.0.6&#8243; text_font=&#8220;Montserrat||||||||&#8220; header_font=&#8220;|700|||||||&#8220;]<strong>Zeichnung:<\/strong><br \/>\n<strong>1)<\/strong> Hebeb\u00fchne mit Abmessungen, CW-Breite und CD-Tiefe.<br \/>\n<strong>2)<\/strong> F\u00fchrungsschienen.<br \/>\n<strong>3)<\/strong> Steuerbox.<br \/>\n<strong>4)<\/strong> Stahlbetonwand f\u00fcr die Schienenmontage.<br \/>\n<strong>5)<\/strong> Boden (Aussparung) oder Rampe.[\/et_pb_text][\/et_pb_column_inner][\/et_pb_row_inner][et_pb_row_inner _builder_version=&#8220;4.0.6&#8243;][et_pb_column_inner saved_specialty_column_type=&#8220;1_2&#8243; _builder_version=&#8220;4.0.6&#8243;][et_pb_image src=&#8220;https:\/\/hublift.nl\/wp-content\/uploads\/2019\/12\/TC-2C-goederenlift.png&#8220; url=&#8220;https:\/\/3d.trez.bg\/TC%202C%20platform%20lift%20forkilft_VR.273.html&#8220; url_new_window=&#8220;on&#8220; _builder_version=&#8220;4.0.6&#8243;][\/et_pb_image][et_pb_text _builder_version=&#8220;4.0.6&#8243;]<\/p>\n<p><strong><a href=\"https:\/\/3d.trez.bg\/TC%202C%20platform%20lift%20forkilft_VR.273.html\">Klicken Sie auf das Bild<\/a><\/strong> um eine 3D-Ansicht des Aufzugs zu erhalten.<\/p>\n<p>[\/et_pb_text][\/et_pb_column_inner][\/et_pb_row_inner][\/et_pb_column][\/et_pb_section][et_pb_section fb_built=&#8220;1&#8243; admin_label=&#8220;Our Services&#8220; _builder_version=&#8220;3.22&#8243; custom_padding=&#8220;0px|0px|100px|0px||&#8220; saved_tabs=&#8220;all&#8220;][et_pb_row column_structure=&#8220;1_3,1_3,1_3&#8243; admin_label=&#8220;Services&#8220; _builder_version=&#8220;3.25&#8243;][et_pb_column type=&#8220;1_3&#8243; _builder_version=&#8220;3.25&#8243; custom_padding=&#8220;|||&#8220; custom_padding__hover=&#8220;|||&#8220;][\/et_pb_column][et_pb_column type=&#8220;1_3&#8243; _builder_version=&#8220;3.25&#8243; custom_padding=&#8220;|||&#8220; custom_padding__hover=&#8220;|||&#8220;][et_pb_button button_url=&#8220;https:\/\/hublift.nl\/de\/angebot\/&#8220; button_text=&#8220;Fordern Sie ein Angebot an&#8220; button_alignment=&#8220;center&#8220; admin_label=&#8220;Button&#8220; _builder_version=&#8220;4.0.6&#8243; custom_button=&#8220;on&#8220; button_text_size=&#8220;16px&#8220; button_text_color=&#8220;#ffffff&#8220; button_bg_color=&#8220;#216ab1&#8243; button_border_width=&#8220;0px&#8220; button_border_radius=&#8220;5px&#8220; button_letter_spacing=&#8220;2px&#8220; button_font=&#8220;Ubuntu|||on|||||&#8220; button_use_icon=&#8220;off&#8220; background_layout=&#8220;dark&#8220; custom_margin=&#8220;-10px|||||&#8220; custom_padding=&#8220;14px|28px|14px|28px&#8220; button_text_color_hover=&#8220;#ffffff&#8220; button_letter_spacing_hover=&#8220;2px&#8220; button_bg_color_hover=&#8220;#1fb6e9&#8243; locked=&#8220;off&#8220; button_text_size__hover_enabled=&#8220;off&#8220; button_one_text_size__hover_enabled=&#8220;off&#8220; button_two_text_size__hover_enabled=&#8220;off&#8220; button_text_color__hover_enabled=&#8220;on&#8220; button_text_color__hover=&#8220;#ffffff&#8220; button_one_text_color__hover_enabled=&#8220;off&#8220; button_two_text_color__hover_enabled=&#8220;off&#8220; button_border_width__hover_enabled=&#8220;off&#8220; button_one_border_width__hover_enabled=&#8220;off&#8220; button_two_border_width__hover_enabled=&#8220;off&#8220; button_border_color__hover_enabled=&#8220;off&#8220; button_one_border_color__hover_enabled=&#8220;off&#8220; button_two_border_color__hover_enabled=&#8220;off&#8220; button_border_radius__hover_enabled=&#8220;off&#8220; button_one_border_radius__hover_enabled=&#8220;off&#8220; button_two_border_radius__hover_enabled=&#8220;off&#8220; button_letter_spacing__hover_enabled=&#8220;on&#8220; button_letter_spacing__hover=&#8220;2px&#8220; button_one_letter_spacing__hover_enabled=&#8220;off&#8220; button_two_letter_spacing__hover_enabled=&#8220;off&#8220; button_bg_color__hover_enabled=&#8220;on&#8220; button_bg_color__hover=&#8220;#1fb6e9&#8243; button_one_bg_color__hover_enabled=&#8220;off&#8220; button_two_bg_color__hover_enabled=&#8220;off&#8220;][\/et_pb_button][\/et_pb_column][et_pb_column type=&#8220;1_3&#8243; _builder_version=&#8220;3.25&#8243; custom_padding=&#8220;|||&#8220; custom_padding__hover=&#8220;|||&#8220;][\/et_pb_column][\/et_pb_row][\/et_pb_section][et_pb_section fb_built=&#8220;1&#8243; admin_label=&#8220;Contact Section&#8220; _builder_version=&#8220;4.0.6&#8243; background_color=&#8220;#8300e9&#8243; background_image=&#8220;https:\/\/hublift.nl\/wp-content\/uploads\/2019\/11\/section-background.jpg&#8220; parallax=&#8220;on&#8220; parallax_method=&#8220;off&#8220; custom_padding=&#8220;0px|0px|0px|0px&#8220; box_shadow_style=&#8220;preset7&#8243; box_shadow_horizontal=&#8220;0px&#8220; box_shadow_vertical=&#8220;80px&#8220; box_shadow_color=&#8220;#2a3443&#8243;][et_pb_row column_structure=&#8220;1_2,1_2&#8243; use_custom_gutter=&#8220;on&#8220; gutter_width=&#8220;1&#8243; make_equal=&#8220;on&#8220; admin_label=&#8220;Contact Row&#8220; module_class=&#8220; et_pb_row_fullwidth&#8220; _builder_version=&#8220;4.0.6&#8243; background_enable_color=&#8220;off&#8220; width=&#8220;100%&#8220; width_tablet=&#8220;100%&#8220; width_phone=&#8220;&#8220; width_last_edited=&#8220;on|desktop&#8220; max_width=&#8220;100%&#8220; max_width_tablet=&#8220;100%&#8220; max_width_phone=&#8220;&#8220; max_width_last_edited=&#8220;on|desktop&#8220; custom_padding=&#8220;0px||0px|&#8220; make_fullwidth=&#8220;on&#8220;][et_pb_column type=&#8220;1_2&#8243; _builder_version=&#8220;4.0.6&#8243; custom_padding=&#8220;140px|10%|60px|10%&#8220; custom_padding__hover=&#8220;|||&#8220;][et_pb_text admin_label=&#8220;Title&#8220; _builder_version=&#8220;4.0.6&#8243; text_font=&#8220;Ubuntu||||||||&#8220; text_font_size=&#8220;16px&#8220; text_line_height=&#8220;1.8em&#8220; header_font=&#8220;||||||||&#8220; header_2_font=&#8220;Montserrat|700|||||||&#8220; header_2_font_size=&#8220;50px&#8220; header_2_line_height=&#8220;1.4em&#8220; max_width=&#8220;400px&#8220; module_alignment=&#8220;center&#8220; custom_margin=&#8220;|||&#8220; custom_padding=&#8220;|||&#8220; locked=&#8220;off&#8220;]<\/p>\n<h2>Let&#8217;s Work Together<\/h2>\n<p>Gerne beraten wir Sie unverbindlich und sorgen daf\u00fcr, dass Ihr Aufzug Ihren Anforderungen entspricht, ohne Schnickschnack, der unn\u00f6tig hohe Preise verursacht. Wir konzentrieren uns auf den Ursprung der Nachfrage, um den Aufzug zu schaffen, der perfekt zu Ihren Bed\u00fcrfnissen passt. [\/et_pb_text][\/et_pb_column][et_pb_column type=&#8220;1_2&#8243; _builder_version=&#8220;4.0.6&#8243; background_color=&#8220;#216ab1&#8243; custom_padding=&#8220;|||&#8220; custom_padding__hover=&#8220;|||&#8220;][et_pb_code _builder_version=&#8220;4.0.6&#8243; text_orientation=&#8220;left&#8220; custom_margin=&#8220;||39px|||&#8220;]\n<div class=\"wpcf7 no-js\" id=\"wpcf7-f1732-o1\" lang=\"de-DE\" dir=\"ltr\" data-wpcf7-id=\"1732\">\n<div class=\"screen-reader-response\"><p role=\"status\" aria-live=\"polite\" aria-atomic=\"true\"><\/p> <ul><\/ul><\/div>\n<form action=\"\/de\/wp-json\/wp\/v2\/pages\/1439#wpcf7-f1732-o1\" method=\"post\" class=\"wpcf7-form init\" aria-label=\"Kontaktformular\" novalidate=\"novalidate\" data-status=\"init\">\n<fieldset class=\"hidden-fields-container\"><input type=\"hidden\" name=\"_wpcf7\" value=\"1732\" \/><input type=\"hidden\" name=\"_wpcf7_version\" value=\"6.1.4\" \/><input type=\"hidden\" name=\"_wpcf7_locale\" value=\"de_DE\" \/><input type=\"hidden\" name=\"_wpcf7_unit_tag\" value=\"wpcf7-f1732-o1\" \/><input type=\"hidden\" name=\"_wpcf7_container_post\" value=\"0\" \/><input type=\"hidden\" name=\"_wpcf7_posted_data_hash\" value=\"\" \/><input type=\"hidden\" name=\"_wpcf7_recaptcha_response\" value=\"\" \/>\n<\/fieldset>\n<p><span class=\"wpcf7-form-control-wrap\" data-name=\"your-name\"><input size=\"40\" maxlength=\"400\" class=\"wpcf7-form-control wpcf7-text wpcf7-validates-as-required\" aria-required=\"true\" aria-invalid=\"false\" placeholder=\"Name\" value=\"\" type=\"text\" name=\"your-name\" \/><\/span><br \/>\n<span class=\"wpcf7-form-control-wrap\" data-name=\"your-phone\"><input size=\"40\" maxlength=\"400\" class=\"wpcf7-form-control wpcf7-text\" aria-invalid=\"false\" placeholder=\"Telefonnummer\" value=\"\" type=\"text\" name=\"your-phone\" \/><\/span>\n<\/p>\n<p><span class=\"wpcf7-form-control-wrap\" data-name=\"your-email\"><input size=\"40\" maxlength=\"400\" class=\"wpcf7-form-control wpcf7-email wpcf7-validates-as-required wpcf7-text wpcf7-validates-as-email\" aria-required=\"true\" aria-invalid=\"false\" placeholder=\"E-mail\" value=\"\" type=\"email\" name=\"your-email\" \/><\/span><br \/>\n<span class=\"wpcf7-form-control-wrap\" data-name=\"your-company\"><input size=\"40\" maxlength=\"400\" class=\"wpcf7-form-control wpcf7-text\" aria-invalid=\"false\" placeholder=\"Unternehmen\" value=\"\" type=\"text\" name=\"your-company\" \/><\/span>\n<\/p>\n<p><span class=\"wpcf7-form-control-wrap\" data-name=\"your-subject\"><input size=\"40\" maxlength=\"400\" class=\"wpcf7-form-control wpcf7-text wpcf7-validates-as-required\" aria-required=\"true\" aria-invalid=\"false\" placeholder=\"Betreff\" value=\"\" type=\"text\" name=\"your-subject\" \/><\/span><br \/>\n<span class=\"wpcf7-form-control-wrap\" data-name=\"your-message\"><textarea cols=\"40\" rows=\"10\" maxlength=\"2000\" class=\"wpcf7-form-control wpcf7-textarea wpcf7-validates-as-required\" aria-required=\"true\" aria-invalid=\"false\" placeholder=\"Ihre Nachricht\" name=\"your-message\"><\/textarea><\/span>\n<\/p>\n<p><input class=\"wpcf7-form-control wpcf7-submit has-spinner\" id=\"form-button\" type=\"submit\" value=\"Verzenden\" \/>\n<\/p><div class=\"wpcf7-response-output\" aria-hidden=\"true\"><\/div>\n<\/form>\n<\/div>\n[\/et_pb_code][\/et_pb_column][\/et_pb_row][\/et_pb_section]<\/p>\n","protected":false},"excerpt":{"rendered":"<p>TC 2C LastenaufzugTC 2C LastenaufzugHydraulische Lastenaufzug mit zwei Zylindern. Der TC 2C erf\u00fcllt die h\u00f6chsten Anforderungen f\u00fcr den Warentransport zwischen Etagen. Zwei gegen\u00fcberliegende Zylinder, hydraulisch und mechanisch synchronisiert, sorgen zusammen mit den 4 F\u00fchrungsschienen f\u00fcr Stabilit\u00e4t, die mit anderen Antriebstypen nicht zu vergleichen ist. Es ist f\u00fcr den Einbau in einen Bauschacht mit zugeh\u00f6rigen T\u00fcren [&hellip;]<\/p>\n","protected":false},"author":1,"featured_media":0,"parent":1434,"menu_order":0,"comment_status":"closed","ping_status":"closed","template":"","meta":{"_et_pb_use_builder":"on","_et_pb_old_content":"","_et_gb_content_width":"","inline_featured_image":false,"footnotes":""},"class_list":["post-1439","page","type-page","status-publish","hentry"],"yoast_head":"<!-- This site is optimized with the Yoast SEO Premium plugin v26.5 (Yoast SEO v26.8) - https:\/\/yoast.com\/product\/yoast-seo-premium-wordpress\/ -->\n<title>TC 2C Lastenaufzug - Hublift<\/title>\n<meta name=\"robots\" content=\"index, follow, max-snippet:-1, max-image-preview:large, max-video-preview:-1\" \/>\n<link rel=\"canonical\" href=\"https:\/\/hublift.nl\/de\/lastenaufzuege\/tc-2c-lastenaufzug\/\" \/>\n<meta property=\"og:locale\" content=\"de_DE\" \/>\n<meta property=\"og:type\" content=\"article\" \/>\n<meta property=\"og:title\" content=\"TC 2C Lastenaufzug\" \/>\n<meta property=\"og:description\" content=\"TC 2C LastenaufzugTC 2C LastenaufzugHydraulische Lastenaufzug mit zwei Zylindern. Der TC 2C erf\u00fcllt die h\u00f6chsten Anforderungen f\u00fcr den Warentransport zwischen Etagen. Zwei gegen\u00fcberliegende Zylinder, hydraulisch und mechanisch synchronisiert, sorgen zusammen mit den 4 F\u00fchrungsschienen f\u00fcr Stabilit\u00e4t, die mit anderen Antriebstypen nicht zu vergleichen ist. Es ist f\u00fcr den Einbau in einen Bauschacht mit zugeh\u00f6rigen T\u00fcren [&hellip;]\" \/>\n<meta property=\"og:url\" content=\"https:\/\/hublift.nl\/de\/lastenaufzuege\/tc-2c-lastenaufzug\/\" \/>\n<meta property=\"og:site_name\" content=\"Hublift\" \/>\n<meta property=\"article:modified_time\" content=\"2020-03-31T18:19:54+00:00\" \/>\n<meta name=\"twitter:card\" content=\"summary_large_image\" \/>\n<meta name=\"twitter:label1\" content=\"Gesch\u00e4tzte Lesezeit\" \/>\n\t<meta name=\"twitter:data1\" content=\"8\u00a0Minuten\" \/>\n<script type=\"application\/ld+json\" class=\"yoast-schema-graph\">{\"@context\":\"https:\/\/schema.org\",\"@graph\":[{\"@type\":\"WebPage\",\"@id\":\"https:\/\/hublift.nl\/de\/lastenaufzuege\/tc-2c-lastenaufzug\/\",\"url\":\"https:\/\/hublift.nl\/de\/lastenaufzuege\/tc-2c-lastenaufzug\/\",\"name\":\"TC 2C Lastenaufzug - Hublift\",\"isPartOf\":{\"@id\":\"https:\/\/hublift.nl\/de\/#website\"},\"datePublished\":\"2020-03-22T16:55:31+00:00\",\"dateModified\":\"2020-03-31T18:19:54+00:00\",\"breadcrumb\":{\"@id\":\"https:\/\/hublift.nl\/de\/lastenaufzuege\/tc-2c-lastenaufzug\/#breadcrumb\"},\"inLanguage\":\"de\",\"potentialAction\":[{\"@type\":\"ReadAction\",\"target\":[\"https:\/\/hublift.nl\/de\/lastenaufzuege\/tc-2c-lastenaufzug\/\"]}]},{\"@type\":\"BreadcrumbList\",\"@id\":\"https:\/\/hublift.nl\/de\/lastenaufzuege\/tc-2c-lastenaufzug\/#breadcrumb\",\"itemListElement\":[{\"@type\":\"ListItem\",\"position\":1,\"name\":\"Home\",\"item\":\"https:\/\/hublift.nl\/de\/\"},{\"@type\":\"ListItem\",\"position\":2,\"name\":\"Lastenaufzug\",\"item\":\"https:\/\/hublift.nl\/de\/goederenlift\/\"},{\"@type\":\"ListItem\",\"position\":3,\"name\":\"TC 2C Lastenaufzug\"}]},{\"@type\":\"WebSite\",\"@id\":\"https:\/\/hublift.nl\/de\/#website\",\"url\":\"https:\/\/hublift.nl\/de\/\",\"name\":\"Hublift\",\"description\":\"De specialist in goederen- auto- en personenliften.\",\"publisher\":{\"@id\":\"https:\/\/hublift.nl\/de\/#organization\"},\"potentialAction\":[{\"@type\":\"SearchAction\",\"target\":{\"@type\":\"EntryPoint\",\"urlTemplate\":\"https:\/\/hublift.nl\/de\/?s={search_term_string}\"},\"query-input\":{\"@type\":\"PropertyValueSpecification\",\"valueRequired\":true,\"valueName\":\"search_term_string\"}}],\"inLanguage\":\"de\"},{\"@type\":\"Organization\",\"@id\":\"https:\/\/hublift.nl\/de\/#organization\",\"name\":\"Hublift BV\",\"url\":\"https:\/\/hublift.nl\/de\/\",\"logo\":{\"@type\":\"ImageObject\",\"inLanguage\":\"de\",\"@id\":\"https:\/\/hublift.nl\/de\/#\/schema\/logo\/image\/\",\"url\":\"https:\/\/hublift.nl\/wp-content\/uploads\/2019\/11\/logo.png\",\"contentUrl\":\"https:\/\/hublift.nl\/wp-content\/uploads\/2019\/11\/logo.png\",\"width\":440,\"height\":170,\"caption\":\"Hublift BV\"},\"image\":{\"@id\":\"https:\/\/hublift.nl\/de\/#\/schema\/logo\/image\/\"},\"sameAs\":[\"https:\/\/www.linkedin.com\/company\/hublift\/\"]}]}<\/script>\n<!-- \/ Yoast SEO Premium plugin. -->","yoast_head_json":{"title":"TC 2C Lastenaufzug - Hublift","robots":{"index":"index","follow":"follow","max-snippet":"max-snippet:-1","max-image-preview":"max-image-preview:large","max-video-preview":"max-video-preview:-1"},"canonical":"https:\/\/hublift.nl\/de\/lastenaufzuege\/tc-2c-lastenaufzug\/","og_locale":"de_DE","og_type":"article","og_title":"TC 2C Lastenaufzug","og_description":"TC 2C LastenaufzugTC 2C LastenaufzugHydraulische Lastenaufzug mit zwei Zylindern. Der TC 2C erf\u00fcllt die h\u00f6chsten Anforderungen f\u00fcr den Warentransport zwischen Etagen. Zwei gegen\u00fcberliegende Zylinder, hydraulisch und mechanisch synchronisiert, sorgen zusammen mit den 4 F\u00fchrungsschienen f\u00fcr Stabilit\u00e4t, die mit anderen Antriebstypen nicht zu vergleichen ist. Es ist f\u00fcr den Einbau in einen Bauschacht mit zugeh\u00f6rigen T\u00fcren [&hellip;]","og_url":"https:\/\/hublift.nl\/de\/lastenaufzuege\/tc-2c-lastenaufzug\/","og_site_name":"Hublift","article_modified_time":"2020-03-31T18:19:54+00:00","twitter_card":"summary_large_image","twitter_misc":{"Gesch\u00e4tzte Lesezeit":"8\u00a0Minuten"},"schema":{"@context":"https:\/\/schema.org","@graph":[{"@type":"WebPage","@id":"https:\/\/hublift.nl\/de\/lastenaufzuege\/tc-2c-lastenaufzug\/","url":"https:\/\/hublift.nl\/de\/lastenaufzuege\/tc-2c-lastenaufzug\/","name":"TC 2C Lastenaufzug - Hublift","isPartOf":{"@id":"https:\/\/hublift.nl\/de\/#website"},"datePublished":"2020-03-22T16:55:31+00:00","dateModified":"2020-03-31T18:19:54+00:00","breadcrumb":{"@id":"https:\/\/hublift.nl\/de\/lastenaufzuege\/tc-2c-lastenaufzug\/#breadcrumb"},"inLanguage":"de","potentialAction":[{"@type":"ReadAction","target":["https:\/\/hublift.nl\/de\/lastenaufzuege\/tc-2c-lastenaufzug\/"]}]},{"@type":"BreadcrumbList","@id":"https:\/\/hublift.nl\/de\/lastenaufzuege\/tc-2c-lastenaufzug\/#breadcrumb","itemListElement":[{"@type":"ListItem","position":1,"name":"Home","item":"https:\/\/hublift.nl\/de\/"},{"@type":"ListItem","position":2,"name":"Lastenaufzug","item":"https:\/\/hublift.nl\/de\/goederenlift\/"},{"@type":"ListItem","position":3,"name":"TC 2C Lastenaufzug"}]},{"@type":"WebSite","@id":"https:\/\/hublift.nl\/de\/#website","url":"https:\/\/hublift.nl\/de\/","name":"Hublift","description":"De specialist in goederen- auto- en personenliften.","publisher":{"@id":"https:\/\/hublift.nl\/de\/#organization"},"potentialAction":[{"@type":"SearchAction","target":{"@type":"EntryPoint","urlTemplate":"https:\/\/hublift.nl\/de\/?s={search_term_string}"},"query-input":{"@type":"PropertyValueSpecification","valueRequired":true,"valueName":"search_term_string"}}],"inLanguage":"de"},{"@type":"Organization","@id":"https:\/\/hublift.nl\/de\/#organization","name":"Hublift BV","url":"https:\/\/hublift.nl\/de\/","logo":{"@type":"ImageObject","inLanguage":"de","@id":"https:\/\/hublift.nl\/de\/#\/schema\/logo\/image\/","url":"https:\/\/hublift.nl\/wp-content\/uploads\/2019\/11\/logo.png","contentUrl":"https:\/\/hublift.nl\/wp-content\/uploads\/2019\/11\/logo.png","width":440,"height":170,"caption":"Hublift BV"},"image":{"@id":"https:\/\/hublift.nl\/de\/#\/schema\/logo\/image\/"},"sameAs":["https:\/\/www.linkedin.com\/company\/hublift\/"]}]}},"_links":{"self":[{"href":"https:\/\/hublift.nl\/de\/wp-json\/wp\/v2\/pages\/1439","targetHints":{"allow":["GET"]}}],"collection":[{"href":"https:\/\/hublift.nl\/de\/wp-json\/wp\/v2\/pages"}],"about":[{"href":"https:\/\/hublift.nl\/de\/wp-json\/wp\/v2\/types\/page"}],"author":[{"embeddable":true,"href":"https:\/\/hublift.nl\/de\/wp-json\/wp\/v2\/users\/1"}],"replies":[{"embeddable":true,"href":"https:\/\/hublift.nl\/de\/wp-json\/wp\/v2\/comments?post=1439"}],"version-history":[{"count":6,"href":"https:\/\/hublift.nl\/de\/wp-json\/wp\/v2\/pages\/1439\/revisions"}],"predecessor-version":[{"id":1679,"href":"https:\/\/hublift.nl\/de\/wp-json\/wp\/v2\/pages\/1439\/revisions\/1679"}],"up":[{"embeddable":true,"href":"https:\/\/hublift.nl\/de\/wp-json\/wp\/v2\/pages\/1434"}],"wp:attachment":[{"href":"https:\/\/hublift.nl\/de\/wp-json\/wp\/v2\/media?parent=1439"}],"curies":[{"name":"wp","href":"https:\/\/api.w.org\/{rel}","templated":true}]}}