{"id":1430,"date":"2020-03-22T16:10:35","date_gmt":"2020-03-22T16:10:35","guid":{"rendered":"https:\/\/www.hublift.nl\/kontakt\/"},"modified":"2025-02-12T09:45:53","modified_gmt":"2025-02-12T09:45:53","slug":"kontakt","status":"publish","type":"page","link":"https:\/\/hublift.nl\/de\/kontakt\/","title":{"rendered":"Kontakt"},"content":{"rendered":"<p>[et_pb_section fb_built=&#8220;1&#8243; custom_padding_last_edited=&#8220;on|phone&#8220; next_background_color=&#8220;#ffffff&#8220; admin_label=&#8220;Hero Section&#8220; _builder_version=&#8220;4.16&#8243; background_enable_color=&#8220;off&#8220; use_background_color_gradient=&#8220;on&#8220; background_color_gradient_type=&#8220;circular&#8220; background_color_gradient_direction_radial=&#8220;bottom left&#8220; background_color_gradient_stops=&#8220;#206ab2 20%|rgba(0,0,0,0) 100%&#8220; background_color_gradient_overlays_image=&#8220;on&#8220; background_color_gradient_start=&#8220;#206ab2&#8243; background_color_gradient_start_position=&#8220;20%&#8220; background_color_gradient_end=&#8220;rgba(0,0,0,0)&#8220; background_image=&#8220;https:\/\/hublift.nl\/wp-content\/uploads\/2021\/05\/Hout-Brox-Goederenlift-3.jpg&#8220; background_position=&#8220;center_left&#8220; custom_padding=&#8220;200px|0px|200px|0px&#8220; custom_padding_tablet=&#8220;200px||200px|&#8220; custom_padding_phone=&#8220;140px||140px|&#8220; bottom_divider_style=&#8220;asymmetric2&#8243; bottom_divider_flip=&#8220;horizontal&#8220; locked=&#8220;off&#8220; collapsed=&#8220;off&#8220; global_colors_info=&#8220;{}&#8220;][et_pb_row column_structure=&#8220;1_2,1_2&#8243; custom_padding_last_edited=&#8220;on|phone&#8220; disabled_on=&#8220;on|off|off&#8220; _builder_version=&#8220;4.18.0&#8243; background_color=&#8220;rgba(0,0,0,0.3)&#8220; max_width=&#8220;100%&#8220; custom_padding=&#8220;20px|20px|20px|20px|true|true&#8220; custom_padding_tablet=&#8220;&#8220; custom_padding_phone=&#8220;|10px||10px|true|true&#8220; animation_direction=&#8220;bottom&#8220; custom_css_main_element=&#8220;display:flex;&#8220; border_radii=&#8220;on|20px|20px|20px|20px&#8220; global_colors_info=&#8220;{}&#8220; custom_padding__hover_enabled=&#8220;off|desktop&#8220;][et_pb_column type=&#8220;1_2&#8243; _builder_version=&#8220;4.16&#8243; custom_padding=&#8220;|||&#8220; global_colors_info=&#8220;{}&#8220; custom_padding__hover=&#8220;|||&#8220;][et_pb_text admin_label=&#8220;Title and subhead&#8220; _builder_version=&#8220;4.18.0&#8243; text_text_color=&#8220;#f2f2f2&#8243; text_font_size=&#8220;18px&#8220; background_layout=&#8220;dark&#8220; max_width=&#8220;100%&#8220; module_alignment=&#8220;center&#8220; custom_padding=&#8220;0px||0px||false|false&#8220; locked=&#8220;off&#8220; global_colors_info=&#8220;{}&#8220;]<\/p>\n<h1>Kontakt<\/h1>\n<p>[\/et_pb_text][\/et_pb_column][et_pb_column type=&#8220;1_2&#8243; _builder_version=&#8220;4.18.0&#8243; custom_padding=&#8220;|||&#8220; custom_css_main_element=&#8220;display:flex;&#8220; global_colors_info=&#8220;{}&#8220; custom_padding__hover=&#8220;|||&#8220;][et_pb_button button_url=&#8220;tel:00310413340270&#8243; button_text=&#8220; &#8220; admin_label=&#8220;Knop phone&#8220; module_id=&#8220;buttoniconcall&#8220; _builder_version=&#8220;4.19.0&#8243; _module_preset=&#8220;default&#8220; custom_button=&#8220;on&#8220; button_text_size=&#8220;35px&#8220; button_text_color=&#8220;#FFFFFF&#8220; button_bg_color=&#8220;RGBA(255,255,255,0)&#8220; button_border_width=&#8220;0px&#8220; button_icon=&#8220;&#xe090;||divi||400&#8243; button_icon_color=&#8220;#FFFFFF&#8220; button_on_hover=&#8220;off&#8220; custom_padding=&#8220;0px|16px|0px|16px|true|true&#8220; custom_css_after=&#8220;margin-left: 0 !important;||position: relative;&#8220; locked=&#8220;off&#8220; global_colors_info=&#8220;{}&#8220; button_icon_color__hover_enabled=&#8220;on|hover&#8220; button_icon_color__hover=&#8220;#ffa500&#8243; button_bg_color__hover_enabled=&#8220;on|hover&#8220; button_bg_color__hover=&#8220;RGBA(255,255,255,0)&#8220; button_bg_enable_color__hover=&#8220;on&#8220;][\/et_pb_button][et_pb_button button_url=&#8220;mailto:info@hublift.nl&#8220; button_text=&#8220; &#8220; admin_label=&#8220;Knop mail&#8220; module_id=&#8220;buttoniconmail&#8220; _builder_version=&#8220;4.19.0&#8243; _module_preset=&#8220;default&#8220; custom_button=&#8220;on&#8220; button_text_size=&#8220;35px&#8220; button_text_color=&#8220;#FFFFFF&#8220; button_bg_color=&#8220;RGBA(255,255,255,0)&#8220; button_border_width=&#8220;0px&#8220; button_icon=&#8220;&#xe010;||divi||400&#8243; button_icon_color=&#8220;#FFFFFF&#8220; button_on_hover=&#8220;off&#8220; custom_padding=&#8220;0px|16px|0px|16px|true|true&#8220; custom_css_after=&#8220;margin-left: 0 !important;||position: relative;&#8220; locked=&#8220;off&#8220; global_colors_info=&#8220;{}&#8220; button_icon_color__hover_enabled=&#8220;on|hover&#8220; button_icon_color__hover=&#8220;#ffa500&#8243; button_bg_color__hover_enabled=&#8220;on|hover&#8220; button_bg_color__hover=&#8220;RGBA(255,255,255,0)&#8220; button_bg_enable_color__hover=&#8220;on&#8220;][\/et_pb_button][\/et_pb_column][\/et_pb_row][et_pb_row custom_padding_last_edited=&#8220;on|phone&#8220; disabled_on=&#8220;off|on|on&#8220; _builder_version=&#8220;4.18.0&#8243; background_color=&#8220;rgba(0,0,0,0.3)&#8220; max_width=&#8220;100%&#8220; custom_padding=&#8220;20px|20px|20px|20px|true|true&#8220; custom_padding_tablet=&#8220;&#8220; custom_padding_phone=&#8220;|10px|0px|10px|false|true&#8220; animation_direction=&#8220;bottom&#8220; custom_css_main_element=&#8220;display:flex;&#8220; border_radii=&#8220;off|20px|20px||&#8220; global_colors_info=&#8220;{}&#8220; custom_padding__hover_enabled=&#8220;off|desktop&#8220;][et_pb_column type=&#8220;4_4&#8243; _builder_version=&#8220;4.16&#8243; custom_padding=&#8220;|||&#8220; global_colors_info=&#8220;{}&#8220; custom_padding__hover=&#8220;|||&#8220;][et_pb_text admin_label=&#8220;Title and subhead&#8220; _builder_version=&#8220;4.18.0&#8243; text_text_color=&#8220;#f2f2f2&#8243; text_font_size=&#8220;18px&#8220; header_text_align=&#8220;center&#8220; background_layout=&#8220;dark&#8220; max_width=&#8220;100%&#8220; module_alignment=&#8220;center&#8220; custom_margin=&#8220;||11px|||&#8220; custom_padding=&#8220;0px||0px||false|false&#8220; locked=&#8220;off&#8220; global_colors_info=&#8220;{}&#8220;]<\/p>\n<h1>Kontakt<\/h1>\n<p>[\/et_pb_text][\/et_pb_column][\/et_pb_row][et_pb_row custom_padding_last_edited=&#8220;on|phone&#8220; disabled_on=&#8220;off|on|on&#8220; _builder_version=&#8220;4.18.0&#8243; background_color=&#8220;rgba(0,0,0,0.3)&#8220; max_width=&#8220;100%&#8220; custom_padding=&#8220;20px|20px|20px|20px|true|true&#8220; custom_padding_tablet=&#8220;&#8220; custom_padding_phone=&#8220;0px|10px||10px|false|true&#8220; animation_direction=&#8220;bottom&#8220; custom_css_main_element=&#8220;display:flex;&#8220; border_radii=&#8220;off|||20px|20px&#8220; global_colors_info=&#8220;{}&#8220; custom_padding__hover_enabled=&#8220;off|desktop&#8220;][et_pb_column type=&#8220;4_4&#8243; _builder_version=&#8220;4.18.0&#8243; custom_padding=&#8220;|||&#8220; custom_css_main_element=&#8220;display:flex;||justify-content:center;&#8220; global_colors_info=&#8220;{}&#8220; custom_padding__hover=&#8220;|||&#8220;][et_pb_button button_url=&#8220;tel:00310413340270&#8243; button_text=&#8220; &#8220; admin_label=&#8220;Knop phone&#8220; module_id=&#8220;buttoniconcall&#8220; _builder_version=&#8220;4.19.0&#8243; _module_preset=&#8220;default&#8220; custom_button=&#8220;on&#8220; button_text_size=&#8220;35px&#8220; button_text_color=&#8220;#FFFFFF&#8220; button_bg_color=&#8220;RGBA(255,255,255,0)&#8220; button_border_width=&#8220;0px&#8220; button_icon=&#8220;&#xe090;||divi||400&#8243; button_icon_color=&#8220;#FFFFFF&#8220; button_on_hover=&#8220;off&#8220; custom_padding=&#8220;0px|16px|0px|16px|true|true&#8220; custom_css_after=&#8220;margin-left: 0 !important;||position: relative;&#8220; locked=&#8220;off&#8220; global_colors_info=&#8220;{}&#8220; button_icon_color__hover_enabled=&#8220;on|hover&#8220; button_icon_color__hover=&#8220;#ffa500&#8243; button_bg_color__hover_enabled=&#8220;on|hover&#8220; button_bg_color__hover=&#8220;RGBA(255,255,255,0)&#8220; button_bg_enable_color__hover=&#8220;on&#8220;][\/et_pb_button][et_pb_button button_url=&#8220;mailto:info@hublift.nl&#8220; button_text=&#8220; &#8220; admin_label=&#8220;Knop mail&#8220; module_id=&#8220;buttoniconmail&#8220; _builder_version=&#8220;4.19.0&#8243; _module_preset=&#8220;default&#8220; custom_button=&#8220;on&#8220; button_text_size=&#8220;35px&#8220; button_text_color=&#8220;#FFFFFF&#8220; button_bg_color=&#8220;RGBA(255,255,255,0)&#8220; button_border_width=&#8220;0px&#8220; button_icon=&#8220;&#xe010;||divi||400&#8243; button_icon_color=&#8220;#FFFFFF&#8220; button_on_hover=&#8220;off&#8220; custom_padding=&#8220;0px|16px|0px|16px|true|true&#8220; custom_css_after=&#8220;margin-left: 0 !important;||position: relative;&#8220; locked=&#8220;off&#8220; global_colors_info=&#8220;{}&#8220; button_icon_color__hover_enabled=&#8220;on|hover&#8220; button_icon_color__hover=&#8220;#ffa500&#8243; button_bg_color__hover_enabled=&#8220;on|hover&#8220; button_bg_color__hover=&#8220;RGBA(255,255,255,0)&#8220; button_bg_enable_color__hover=&#8220;on&#8220;][\/et_pb_button][\/et_pb_column][\/et_pb_row][\/et_pb_section][et_pb_section fb_built=&#8220;1&#8243; _builder_version=&#8220;4.16&#8243; collapsed=&#8220;on&#8220; global_colors_info=&#8220;{}&#8220;][et_pb_row column_structure=&#8220;1_3,1_3,1_3&#8243; _builder_version=&#8220;4.16&#8243; collapsed=&#8220;on&#8220; global_colors_info=&#8220;{}&#8220;][et_pb_column type=&#8220;1_3&#8243; _builder_version=&#8220;4.16&#8243; global_colors_info=&#8220;{}&#8220;][et_pb_blurb title=&#8220;Adresse&#8220; use_icon=&#8220;on&#8220; font_icon=&#8220;&#xe01f;||divi||400&#8243; _builder_version=&#8220;4.16&#8243; text_orientation=&#8220;center&#8220; global_colors_info=&#8220;{}&#8220;]<\/p>\n<p>&nbsp;<\/p>\n<p>Beukelaar 21<\/p>\n<p>5467 GE Veghel<\/p>\n<p>Niederlande<\/p>\n<p>[\/et_pb_blurb][\/et_pb_column][et_pb_column type=&#8220;1_3&#8243; _builder_version=&#8220;4.16&#8243; global_colors_info=&#8220;{}&#8220;][et_pb_blurb title=&#8220;Kontakt&#8220; use_icon=&#8220;on&#8220; font_icon=&#8220;&#xe010;||divi||400&#8243; _builder_version=&#8220;4.16&#8243; header_text_align=&#8220;center&#8220; text_orientation=&#8220;center&#8220; global_colors_info=&#8220;{}&#8220;]<\/p>\n<p>&nbsp;<\/p>\n<p>E-Mail : <a href=\"mailto:info@hublift.nl\">info@hublift.nl<\/a><\/p>\n<p>Telefon: <a href=\"tel:00310413340270\">+31 (0)413 340270<\/a><\/p>\n<p>[\/et_pb_blurb][\/et_pb_column][et_pb_column type=&#8220;1_3&#8243; _builder_version=&#8220;4.16&#8243; global_colors_info=&#8220;{}&#8220;][et_pb_blurb title=&#8220;Office hours&#8220; use_icon=&#8220;on&#8220; font_icon=&#8220;&#xe60d;||divi||400&#8243; _builder_version=&#8220;4.16&#8243; text_orientation=&#8220;center&#8220; global_colors_info=&#8220;{}&#8220;]<\/p>\n<p>&nbsp;<\/p>\n<p>Montag bis Freitag: 08.30 &#8211; 17.00 Uhr<\/p>\n<p>Samstag und Sonntag: geschlossen<\/p>\n<p>&nbsp;<\/p>\n<p>[\/et_pb_blurb][\/et_pb_column][\/et_pb_row][et_pb_row _builder_version=&#8220;4.16&#8243; collapsed=&#8220;on&#8220; global_colors_info=&#8220;{}&#8220;][et_pb_column type=&#8220;4_4&#8243; _builder_version=&#8220;4.16&#8243; global_colors_info=&#8220;{}&#8220;][et_pb_text _builder_version=&#8220;4.16&#8243; header_text_align=&#8220;center&#8220; global_colors_info=&#8220;{}&#8220;]<\/p>\n<p style=\"text-align: center;\">Bitte kontaktieren Sie uns direkt.<br \/> M\u00f6chten Sie weitere Informationen zu unseren Dienstleistungen, Beratung oder ein Angebot anfordern?<br \/> Dann k\u00f6nnen Sie uns telefonisch kontaktieren oder das unten stehende Formular ausf\u00fcllen.<br \/> Wir werden uns so schnell wie m\u00f6glich bei Ihnen melden.<\/p>\n<p>[\/et_pb_text][\/et_pb_column][\/et_pb_row][et_pb_row _builder_version=&#8220;4.16&#8243; collapsed=&#8220;on&#8220; global_colors_info=&#8220;{}&#8220;][et_pb_column type=&#8220;4_4&#8243; _builder_version=&#8220;4.16&#8243; global_colors_info=&#8220;{}&#8220;][et_pb_text _builder_version=&#8220;4.18.0&#8243; header_text_align=&#8220;center&#8220; header_2_text_align=&#8220;center&#8220; global_colors_info=&#8220;{}&#8220;]<\/p>\n<h2>Kontakt Formular:<\/h2>\n<p>[\/et_pb_text][et_pb_code _builder_version=&#8220;4.19.0&#8243; background_enable_color=&#8220;off&#8220; text_orientation=&#8220;left&#8220; custom_margin=&#8220;||||false|false&#8220; global_colors_info=&#8220;{}&#8220;]\n<div class=\"wpcf7 no-js\" id=\"wpcf7-f1732-o1\" lang=\"de-DE\" dir=\"ltr\" data-wpcf7-id=\"1732\">\n<div class=\"screen-reader-response\"><p role=\"status\" aria-live=\"polite\" aria-atomic=\"true\"><\/p> <ul><\/ul><\/div>\n<form action=\"\/de\/wp-json\/wp\/v2\/pages\/1430#wpcf7-f1732-o1\" method=\"post\" class=\"wpcf7-form init\" aria-label=\"Kontaktformular\" novalidate=\"novalidate\" data-status=\"init\">\n<fieldset class=\"hidden-fields-container\"><input type=\"hidden\" name=\"_wpcf7\" value=\"1732\" \/><input type=\"hidden\" name=\"_wpcf7_version\" value=\"6.1.4\" \/><input type=\"hidden\" name=\"_wpcf7_locale\" value=\"de_DE\" \/><input type=\"hidden\" name=\"_wpcf7_unit_tag\" value=\"wpcf7-f1732-o1\" \/><input type=\"hidden\" name=\"_wpcf7_container_post\" value=\"0\" \/><input type=\"hidden\" name=\"_wpcf7_posted_data_hash\" value=\"\" \/><input type=\"hidden\" name=\"_wpcf7_recaptcha_response\" value=\"\" \/>\n<\/fieldset>\n<p><span class=\"wpcf7-form-control-wrap\" data-name=\"your-name\"><input size=\"40\" maxlength=\"400\" class=\"wpcf7-form-control wpcf7-text wpcf7-validates-as-required\" aria-required=\"true\" aria-invalid=\"false\" placeholder=\"Name\" value=\"\" type=\"text\" name=\"your-name\" \/><\/span><br \/>\n<span class=\"wpcf7-form-control-wrap\" data-name=\"your-phone\"><input size=\"40\" maxlength=\"400\" class=\"wpcf7-form-control wpcf7-text\" aria-invalid=\"false\" placeholder=\"Telefonnummer\" value=\"\" type=\"text\" name=\"your-phone\" \/><\/span>\n<\/p>\n<p><span class=\"wpcf7-form-control-wrap\" data-name=\"your-email\"><input size=\"40\" maxlength=\"400\" class=\"wpcf7-form-control wpcf7-email wpcf7-validates-as-required wpcf7-text wpcf7-validates-as-email\" aria-required=\"true\" aria-invalid=\"false\" placeholder=\"E-mail\" value=\"\" type=\"email\" name=\"your-email\" \/><\/span><br \/>\n<span class=\"wpcf7-form-control-wrap\" data-name=\"your-company\"><input size=\"40\" maxlength=\"400\" class=\"wpcf7-form-control wpcf7-text\" aria-invalid=\"false\" placeholder=\"Unternehmen\" value=\"\" type=\"text\" name=\"your-company\" \/><\/span>\n<\/p>\n<p><span class=\"wpcf7-form-control-wrap\" data-name=\"your-subject\"><input size=\"40\" maxlength=\"400\" class=\"wpcf7-form-control wpcf7-text wpcf7-validates-as-required\" aria-required=\"true\" aria-invalid=\"false\" placeholder=\"Betreff\" value=\"\" type=\"text\" name=\"your-subject\" \/><\/span><br \/>\n<span class=\"wpcf7-form-control-wrap\" data-name=\"your-message\"><textarea cols=\"40\" rows=\"10\" maxlength=\"2000\" class=\"wpcf7-form-control wpcf7-textarea wpcf7-validates-as-required\" aria-required=\"true\" aria-invalid=\"false\" placeholder=\"Ihre Nachricht\" name=\"your-message\"><\/textarea><\/span>\n<\/p>\n<p><input class=\"wpcf7-form-control wpcf7-submit has-spinner\" id=\"form-button\" type=\"submit\" value=\"Verzenden\" \/>\n<\/p><div class=\"wpcf7-response-output\" aria-hidden=\"true\"><\/div>\n<\/form>\n<\/div>\n[\/et_pb_code][et_pb_code _builder_version=&#8220;4.16&#8243; _module_preset=&#8220;default&#8220; global_colors_info=&#8220;{}&#8220;]<script><!-- [et_pb_line_break_holder] -->document.addEventListener( 'wpcf7mailsent', function( event ) {<!-- [et_pb_line_break_holder] -->    location = 'https:\/\/hublift.nl\/thank-you-contact\/';<!-- [et_pb_line_break_holder] -->}, false );<!-- [et_pb_line_break_holder] --><\/script>[\/et_pb_code][\/et_pb_column][\/et_pb_row][\/et_pb_section][et_pb_section fb_built=&#8220;1&#8243; prev_background_color=&#8220;#ffffff&#8220; admin_label=&#8220;Contact Section&#8220; _builder_version=&#8220;4.16&#8243; background_color=&#8220;RGBA(0,0,0,0)&#8220; background_image=&#8220;https:\/\/hublift.nl\/wp-content\/uploads\/2019\/11\/section-background.jpg&#8220; parallax=&#8220;on&#8220; parallax_method=&#8220;off&#8220; custom_padding=&#8220;100px|0px|0px|0px|false|false&#8220; top_divider_style=&#8220;asymmetric2&#8243; top_divider_flip=&#8220;vertical&#8220; box_shadow_style=&#8220;preset7&#8243; box_shadow_horizontal=&#8220;0px&#8220; box_shadow_vertical=&#8220;80px&#8220; box_shadow_color=&#8220;#2a3443&#8243; locked=&#8220;off&#8220; collapsed=&#8220;on&#8220; global_colors_info=&#8220;{}&#8220;][et_pb_row column_structure=&#8220;1_2,1_2&#8243; use_custom_gutter=&#8220;on&#8220; gutter_width=&#8220;1&#8243; make_equal=&#8220;on&#8220; admin_label=&#8220;Contact Row&#8220; module_class=&#8220; et_pb_row_fullwidth&#8220; _builder_version=&#8220;4.16&#8243; background_enable_color=&#8220;off&#8220; width=&#8220;100%&#8220; width_tablet=&#8220;100%&#8220; width_phone=&#8220;&#8220; width_last_edited=&#8220;on|desktop&#8220; max_width=&#8220;100%&#8220; max_width_tablet=&#8220;100%&#8220; max_width_phone=&#8220;&#8220; max_width_last_edited=&#8220;on|desktop&#8220; custom_padding=&#8220;0px||0px|&#8220; make_fullwidth=&#8220;on&#8220; global_colors_info=&#8220;{}&#8220;][et_pb_column type=&#8220;1_2&#8243; _builder_version=&#8220;4.16&#8243; custom_padding=&#8220;140px|10%|60px|10%&#8220; global_colors_info=&#8220;{}&#8220; custom_padding__hover=&#8220;|||&#8220;][et_pb_text admin_label=&#8220;Title&#8220; _builder_version=&#8220;4.16&#8243; text_font=&#8220;||||||||&#8220; link_font=&#8220;|700|||||||&#8220; header_font=&#8220;||||||||&#8220; header_2_font_size=&#8220;50px&#8220; header_2_line_height=&#8220;1.4em&#8220; max_width=&#8220;100%&#8220; module_alignment=&#8220;center&#8220; custom_margin=&#8220;|||&#8220; custom_padding=&#8220;|||&#8220; locked=&#8220;off&#8220; global_colors_info=&#8220;{}&#8220;]<\/p>\n<h2>Let&#8217;s Work Together<\/h2>\n<p>Gerne<a href=\"https:\/\/hublift.nl\/de\/kontakt\/\">beraten wir Sie unverbindlich<\/a> und sorgen daf\u00fcr, dass Ihr Aufzug Ihren Anforderungen entspricht, ohne Schnickschnack, der unn\u00f6tig hohe Preise verursacht. Wir konzentrieren uns auf Lieferung einer Lastenaufzug der perfekt zu Ihren Bed\u00fcrfnissen passt<\/p>\n<p>[\/et_pb_text][\/et_pb_column][et_pb_column type=&#8220;1_2&#8243; _builder_version=&#8220;4.16&#8243; background_enable_color=&#8220;off&#8220; custom_padding=&#8220;|||&#8220; global_colors_info=&#8220;{}&#8220; custom_padding__hover=&#8220;|||&#8220;][\/et_pb_column][\/et_pb_row][\/et_pb_section]<\/p>\n","protected":false},"excerpt":{"rendered":"<p>KontaktKontakt&nbsp; Beukelaar 21 5467 GE Veghel Niederlande&nbsp; E-Mail : info@hublift.nl Telefon: +31 (0)413 340270&nbsp; Montag bis Freitag: 08.30 &#8211; 17.00 Uhr Samstag und Sonntag: geschlossen &nbsp;Bitte kontaktieren Sie uns direkt. M\u00f6chten Sie weitere Informationen zu unseren Dienstleistungen, Beratung oder ein Angebot anfordern? Dann k\u00f6nnen Sie uns telefonisch kontaktieren oder das unten stehende Formular ausf\u00fcllen. Wir [&hellip;]<\/p>\n","protected":false},"author":1,"featured_media":0,"parent":0,"menu_order":0,"comment_status":"closed","ping_status":"closed","template":"","meta":{"_et_pb_use_builder":"on","_et_pb_old_content":"","_et_gb_content_width":"","inline_featured_image":false,"footnotes":""},"class_list":["post-1430","page","type-page","status-publish","hentry"],"yoast_head":"<!-- This site is optimized with the Yoast SEO Premium plugin v26.5 (Yoast SEO v26.8) - https:\/\/yoast.com\/product\/yoast-seo-premium-wordpress\/ -->\n<title>Kontaktieren Sie uns f\u00fcr hochwertige Aufzugsl\u00f6sungen!<\/title>\n<meta name=\"description\" content=\"Nehmen Sie direkt mit Hublift Kontakt auf, um Ihre Bed\u00fcrfnisse und Anforderungen an Ihren neuen Lift zu besprechen. Oder sehen Sie sich unsere Kontaktinformationen an.\" \/>\n<meta name=\"robots\" content=\"index, follow, max-snippet:-1, max-image-preview:large, max-video-preview:-1\" \/>\n<link rel=\"canonical\" href=\"https:\/\/hublift.nl\/de\/kontakt\/\" \/>\n<meta property=\"og:locale\" content=\"de_DE\" \/>\n<meta property=\"og:type\" content=\"article\" \/>\n<meta property=\"og:title\" content=\"Kontakt\" \/>\n<meta property=\"og:description\" content=\"Nehmen Sie direkt mit Hublift Kontakt auf, um Ihre Bed\u00fcrfnisse und Anforderungen an Ihren neuen Lift zu besprechen. Oder sehen Sie sich unsere Kontaktinformationen an.\" \/>\n<meta property=\"og:url\" content=\"https:\/\/hublift.nl\/de\/kontakt\/\" \/>\n<meta property=\"og:site_name\" content=\"Hublift\" \/>\n<meta property=\"article:modified_time\" content=\"2025-02-12T09:45:53+00:00\" \/>\n<meta name=\"twitter:card\" content=\"summary_large_image\" \/>\n<meta name=\"twitter:label1\" content=\"Gesch\u00e4tzte Lesezeit\" \/>\n\t<meta name=\"twitter:data1\" content=\"8\u00a0Minuten\" \/>\n<script type=\"application\/ld+json\" class=\"yoast-schema-graph\">{\"@context\":\"https:\/\/schema.org\",\"@graph\":[{\"@type\":\"WebPage\",\"@id\":\"https:\/\/hublift.nl\/de\/kontakt\/\",\"url\":\"https:\/\/hublift.nl\/de\/kontakt\/\",\"name\":\"Kontaktieren Sie uns f\u00fcr hochwertige Aufzugsl\u00f6sungen!\",\"isPartOf\":{\"@id\":\"https:\/\/hublift.nl\/de\/#website\"},\"datePublished\":\"2020-03-22T16:10:35+00:00\",\"dateModified\":\"2025-02-12T09:45:53+00:00\",\"description\":\"Nehmen Sie direkt mit Hublift Kontakt auf, um Ihre Bed\u00fcrfnisse und Anforderungen an Ihren neuen Lift zu besprechen. Oder sehen Sie sich unsere Kontaktinformationen an.\",\"breadcrumb\":{\"@id\":\"https:\/\/hublift.nl\/de\/kontakt\/#breadcrumb\"},\"inLanguage\":\"de\",\"potentialAction\":[{\"@type\":\"ReadAction\",\"target\":[\"https:\/\/hublift.nl\/de\/kontakt\/\"]}]},{\"@type\":\"BreadcrumbList\",\"@id\":\"https:\/\/hublift.nl\/de\/kontakt\/#breadcrumb\",\"itemListElement\":[{\"@type\":\"ListItem\",\"position\":1,\"name\":\"Home\",\"item\":\"https:\/\/hublift.nl\/de\/\"},{\"@type\":\"ListItem\",\"position\":2,\"name\":\"Kontakt\"}]},{\"@type\":\"WebSite\",\"@id\":\"https:\/\/hublift.nl\/de\/#website\",\"url\":\"https:\/\/hublift.nl\/de\/\",\"name\":\"Hublift\",\"description\":\"De specialist in goederen- auto- en personenliften.\",\"publisher\":{\"@id\":\"https:\/\/hublift.nl\/de\/#organization\"},\"potentialAction\":[{\"@type\":\"SearchAction\",\"target\":{\"@type\":\"EntryPoint\",\"urlTemplate\":\"https:\/\/hublift.nl\/de\/?s={search_term_string}\"},\"query-input\":{\"@type\":\"PropertyValueSpecification\",\"valueRequired\":true,\"valueName\":\"search_term_string\"}}],\"inLanguage\":\"de\"},{\"@type\":\"Organization\",\"@id\":\"https:\/\/hublift.nl\/de\/#organization\",\"name\":\"Hublift BV\",\"url\":\"https:\/\/hublift.nl\/de\/\",\"logo\":{\"@type\":\"ImageObject\",\"inLanguage\":\"de\",\"@id\":\"https:\/\/hublift.nl\/de\/#\/schema\/logo\/image\/\",\"url\":\"https:\/\/hublift.nl\/wp-content\/uploads\/2019\/11\/logo.png\",\"contentUrl\":\"https:\/\/hublift.nl\/wp-content\/uploads\/2019\/11\/logo.png\",\"width\":440,\"height\":170,\"caption\":\"Hublift BV\"},\"image\":{\"@id\":\"https:\/\/hublift.nl\/de\/#\/schema\/logo\/image\/\"},\"sameAs\":[\"https:\/\/www.linkedin.com\/company\/hublift\/\"]}]}<\/script>\n<!-- \/ Yoast SEO Premium plugin. -->","yoast_head_json":{"title":"Kontaktieren Sie uns f\u00fcr hochwertige Aufzugsl\u00f6sungen!","description":"Nehmen Sie direkt mit Hublift Kontakt auf, um Ihre Bed\u00fcrfnisse und Anforderungen an Ihren neuen Lift zu besprechen. Oder sehen Sie sich unsere Kontaktinformationen an.","robots":{"index":"index","follow":"follow","max-snippet":"max-snippet:-1","max-image-preview":"max-image-preview:large","max-video-preview":"max-video-preview:-1"},"canonical":"https:\/\/hublift.nl\/de\/kontakt\/","og_locale":"de_DE","og_type":"article","og_title":"Kontakt","og_description":"Nehmen Sie direkt mit Hublift Kontakt auf, um Ihre Bed\u00fcrfnisse und Anforderungen an Ihren neuen Lift zu besprechen. Oder sehen Sie sich unsere Kontaktinformationen an.","og_url":"https:\/\/hublift.nl\/de\/kontakt\/","og_site_name":"Hublift","article_modified_time":"2025-02-12T09:45:53+00:00","twitter_card":"summary_large_image","twitter_misc":{"Gesch\u00e4tzte Lesezeit":"8\u00a0Minuten"},"schema":{"@context":"https:\/\/schema.org","@graph":[{"@type":"WebPage","@id":"https:\/\/hublift.nl\/de\/kontakt\/","url":"https:\/\/hublift.nl\/de\/kontakt\/","name":"Kontaktieren Sie uns f\u00fcr hochwertige Aufzugsl\u00f6sungen!","isPartOf":{"@id":"https:\/\/hublift.nl\/de\/#website"},"datePublished":"2020-03-22T16:10:35+00:00","dateModified":"2025-02-12T09:45:53+00:00","description":"Nehmen Sie direkt mit Hublift Kontakt auf, um Ihre Bed\u00fcrfnisse und Anforderungen an Ihren neuen Lift zu besprechen. Oder sehen Sie sich unsere Kontaktinformationen an.","breadcrumb":{"@id":"https:\/\/hublift.nl\/de\/kontakt\/#breadcrumb"},"inLanguage":"de","potentialAction":[{"@type":"ReadAction","target":["https:\/\/hublift.nl\/de\/kontakt\/"]}]},{"@type":"BreadcrumbList","@id":"https:\/\/hublift.nl\/de\/kontakt\/#breadcrumb","itemListElement":[{"@type":"ListItem","position":1,"name":"Home","item":"https:\/\/hublift.nl\/de\/"},{"@type":"ListItem","position":2,"name":"Kontakt"}]},{"@type":"WebSite","@id":"https:\/\/hublift.nl\/de\/#website","url":"https:\/\/hublift.nl\/de\/","name":"Hublift","description":"De specialist in goederen- auto- en personenliften.","publisher":{"@id":"https:\/\/hublift.nl\/de\/#organization"},"potentialAction":[{"@type":"SearchAction","target":{"@type":"EntryPoint","urlTemplate":"https:\/\/hublift.nl\/de\/?s={search_term_string}"},"query-input":{"@type":"PropertyValueSpecification","valueRequired":true,"valueName":"search_term_string"}}],"inLanguage":"de"},{"@type":"Organization","@id":"https:\/\/hublift.nl\/de\/#organization","name":"Hublift BV","url":"https:\/\/hublift.nl\/de\/","logo":{"@type":"ImageObject","inLanguage":"de","@id":"https:\/\/hublift.nl\/de\/#\/schema\/logo\/image\/","url":"https:\/\/hublift.nl\/wp-content\/uploads\/2019\/11\/logo.png","contentUrl":"https:\/\/hublift.nl\/wp-content\/uploads\/2019\/11\/logo.png","width":440,"height":170,"caption":"Hublift BV"},"image":{"@id":"https:\/\/hublift.nl\/de\/#\/schema\/logo\/image\/"},"sameAs":["https:\/\/www.linkedin.com\/company\/hublift\/"]}]}},"_links":{"self":[{"href":"https:\/\/hublift.nl\/de\/wp-json\/wp\/v2\/pages\/1430","targetHints":{"allow":["GET"]}}],"collection":[{"href":"https:\/\/hublift.nl\/de\/wp-json\/wp\/v2\/pages"}],"about":[{"href":"https:\/\/hublift.nl\/de\/wp-json\/wp\/v2\/types\/page"}],"author":[{"embeddable":true,"href":"https:\/\/hublift.nl\/de\/wp-json\/wp\/v2\/users\/1"}],"replies":[{"embeddable":true,"href":"https:\/\/hublift.nl\/de\/wp-json\/wp\/v2\/comments?post=1430"}],"version-history":[{"count":35,"href":"https:\/\/hublift.nl\/de\/wp-json\/wp\/v2\/pages\/1430\/revisions"}],"predecessor-version":[{"id":7034,"href":"https:\/\/hublift.nl\/de\/wp-json\/wp\/v2\/pages\/1430\/revisions\/7034"}],"wp:attachment":[{"href":"https:\/\/hublift.nl\/de\/wp-json\/wp\/v2\/media?parent=1430"}],"curies":[{"name":"wp","href":"https:\/\/api.w.org\/{rel}","templated":true}]}}